{"id":5696,"date":"2026-01-22T11:01:24","date_gmt":"2026-01-22T11:01:24","guid":{"rendered":"https:\/\/fruitplant.it\/produkte\/"},"modified":"2026-01-28T11:09:13","modified_gmt":"2026-01-28T11:09:13","slug":"produkte","status":"publish","type":"page","link":"https:\/\/www.fruitplant.it\/de\/produkte\/","title":{"rendered":"Produkte"},"content":{"rendered":"\t\t<div data-elementor-type=\"wp-page\" data-elementor-id=\"5696\" class=\"elementor elementor-5696 elementor-5342\" data-elementor-post-type=\"page\">\n\t\t\t\t<div class=\"elementor-element elementor-element-994aa89 e-flex e-con-boxed e-con e-parent\" data-id=\"994aa89\" data-element_type=\"container\" data-e-type=\"container\" data-settings=\"{&quot;background_background&quot;:&quot;classic&quot;,&quot;shape_divider_bottom&quot;:&quot;opacity-fan&quot;}\">\n\t\t\t\t\t<div class=\"e-con-inner\">\n\t\t\t\t<div class=\"elementor-shape elementor-shape-bottom\" aria-hidden=\"true\" data-negative=\"false\">\n\t\t\t<svg xmlns=\"http:\/\/www.w3.org\/2000\/svg\" viewBox=\"0 0 283.5 19.6\" preserveAspectRatio=\"none\">\n\t<path class=\"elementor-shape-fill\" style=\"opacity:0.33\" d=\"M0 0L0 18.8 141.8 4.1 283.5 18.8 283.5 0z\"\/>\n\t<path class=\"elementor-shape-fill\" style=\"opacity:0.33\" d=\"M0 0L0 12.6 141.8 4 283.5 12.6 283.5 0z\"\/>\n\t<path class=\"elementor-shape-fill\" style=\"opacity:0.33\" d=\"M0 0L0 6.4 141.8 4 283.5 6.4 283.5 0z\"\/>\n\t<path class=\"elementor-shape-fill\" d=\"M0 0L0 1.2 141.8 4 283.5 1.2 283.5 0z\"\/>\n<\/svg>\t\t<\/div>\n\t\t\t\t<div class=\"elementor-element elementor-element-6aa5049 elementor-widget elementor-widget-heading\" data-id=\"6aa5049\" data-element_type=\"widget\" data-e-type=\"widget\" data-widget_type=\"heading.default\">\n\t\t\t\t\t<h2 class=\"elementor-heading-title elementor-size-default\">Unsere Produkte<\/h2>\t\t\t\t<\/div>\n\t\t\t\t<div class=\"elementor-element elementor-element-86f44b4 elementor-widget elementor-widget-heading\" data-id=\"86f44b4\" data-element_type=\"widget\" data-e-type=\"widget\" data-widget_type=\"heading.default\">\n\t\t\t\t\t<h2 class=\"elementor-heading-title elementor-size-default\">Qualit\u00e4t steht an erster Stelle!<\/h2>\t\t\t\t<\/div>\n\t\t\t\t\t<\/div>\n\t\t\t\t<\/div>\n\t\t<div class=\"elementor-element elementor-element-0725f83 e-flex e-con-boxed e-con e-parent\" data-id=\"0725f83\" data-element_type=\"container\" data-e-type=\"container\">\n\t\t\t\t\t<div class=\"e-con-inner\">\n\t\t<div class=\"elementor-element elementor-element-7e5484e e-con-full e-flex e-con e-child\" data-id=\"7e5484e\" data-element_type=\"container\" data-e-type=\"container\">\n\t\t\t\t<div class=\"elementor-element elementor-element-3f0be8f elementor-widget elementor-widget-text-editor\" data-id=\"3f0be8f\" data-element_type=\"widget\" data-e-type=\"widget\" data-widget_type=\"text-editor.default\">\n\t\t\t\t\t\t\t\t\t<p>Unsere Pflanzen zeichnen sich durch hohe Qualit\u00e4t, sowohl intern als auch extern, und ein gut entwickeltes Wurzelsystem aus. Die Pflanzen werden anhand ihrer Eigenschaften in verschiedene Qualit\u00e4tskategorien eingeteilt, um eine einheitliche Produktqualit\u00e4t zum Zeitpunkt der Lieferung zu gew\u00e4hrleisten. Wir bieten alle unsere Pflanzen als 2-j\u00e4hrige Knip-Pflanzen oder 1-j\u00e4hrige Pflanzen an. Ob kompakt oder gut verzweigt \u2013 wir finden sicherlich die passende Pflanze f\u00fcr Ihre Bed\u00fcrfnisse. Nur die besten Pflanzen, mit mehr als 7 gut positionierten \u00c4sten in der richtigen H\u00f6he und einem gut entwickelten Stamm, erhalten unser Qualit\u00e4tssiegel \u201eExtra\u201c.    <\/p>\t\t\t\t\t\t\t\t<\/div>\n\t\t\t\t<\/div>\n\t\t\t\t\t<\/div>\n\t\t\t\t<\/div>\n\t\t<div class=\"elementor-element elementor-element-930f4b4 elementor-hidden-tablet elementor-hidden-mobile e-flex e-con-boxed e-con e-parent\" data-id=\"930f4b4\" data-element_type=\"container\" data-e-type=\"container\" data-settings=\"{&quot;background_background&quot;:&quot;classic&quot;}\">\n\t\t\t\t\t<div class=\"e-con-inner\">\n\t\t\t\t\t<\/div>\n\t\t\t\t<\/div>\n\t\t<div class=\"elementor-element elementor-element-60d6305 e-flex e-con-boxed e-con e-parent\" data-id=\"60d6305\" data-element_type=\"container\" data-e-type=\"container\" data-settings=\"{&quot;background_background&quot;:&quot;classic&quot;}\">\n\t\t\t\t\t<div class=\"e-con-inner\">\n\t\t\t\t<div class=\"elementor-element elementor-element-0f4c298 elementor-hidden-desktop elementor-widget elementor-widget-spacer\" data-id=\"0f4c298\" data-element_type=\"widget\" data-e-type=\"widget\" data-widget_type=\"spacer.default\">\n\t\t\t\t\t\t\t<div class=\"elementor-spacer\">\n\t\t\t<div class=\"elementor-spacer-inner\"><\/div>\n\t\t<\/div>\n\t\t\t\t\t\t<\/div>\n\t\t\t\t<div class=\"elementor-element elementor-element-4c3d147 elementor-widget elementor-widget-heading\" data-id=\"4c3d147\" data-element_type=\"widget\" data-e-type=\"widget\" data-widget_type=\"heading.default\">\n\t\t\t\t\t<h2 class=\"elementor-heading-title elementor-size-default\">Unsere Klassifizierung<\/h2>\t\t\t\t<\/div>\n\t\t\t\t<div class=\"elementor-element elementor-element-84e519d elementor-widget elementor-widget-text-editor\" data-id=\"84e519d\" data-element_type=\"widget\" data-e-type=\"widget\" data-widget_type=\"text-editor.default\">\n\t\t\t\t\t\t\t\t\t<p><strong>FRUITPLANT GmbH<\/strong><\/p><div class=\"et_pb_blurb_description\"><p>I-39044 Neumarkt (BZ) \u2022 Tel. +39 0471 813 336 \u2022 Fax +39 0471 821 507<br>fruitplant.it \u2022 info@fruitplant.it<\/p><\/div>\t\t\t\t\t\t\t\t<\/div>\n\t\t<div class=\"elementor-element elementor-element-413f221 e-con-full e-flex e-con e-child\" data-id=\"413f221\" data-element_type=\"container\" data-e-type=\"container\">\n\t\t<div class=\"elementor-element elementor-element-ba64e55 e-con-full e-flex e-con e-child\" data-id=\"ba64e55\" data-element_type=\"container\" data-e-type=\"container\" data-settings=\"{&quot;background_background&quot;:&quot;classic&quot;}\">\n\t\t\t\t<div class=\"elementor-element elementor-element-fcb9437 elementor-widget elementor-widget-image\" data-id=\"fcb9437\" data-element_type=\"widget\" data-e-type=\"widget\" data-widget_type=\"image.default\">\n\t\t\t\t\t\t\t\t\t\t\t\t\t\t\t<img fetchpriority=\"high\" decoding=\"async\" width=\"400\" height=\"416\" src=\"https:\/\/www.fruitplant.it\/wp-content\/uploads\/2018\/06\/7.png\" class=\"attachment-large size-large wp-image-3799\" alt=\"\" srcset=\"https:\/\/www.fruitplant.it\/wp-content\/uploads\/2018\/06\/7.png 400w, https:\/\/www.fruitplant.it\/wp-content\/uploads\/2018\/06\/7-288x300.png 288w\" sizes=\"(max-width: 400px) 100vw, 400px\" \/>\t\t\t\t\t\t\t\t\t\t\t\t\t\t\t<\/div>\n\t\t\t\t<div class=\"elementor-element elementor-element-1870b30 elementor-widget elementor-widget-heading\" data-id=\"1870b30\" data-element_type=\"widget\" data-e-type=\"widget\" data-widget_type=\"heading.default\">\n\t\t\t\t\t<h2 class=\"elementor-heading-title elementor-size-default\">7+<\/h2>\t\t\t\t<\/div>\n\t\t\t\t<div class=\"elementor-element elementor-element-1e748a3 elementor-widget elementor-widget-text-editor\" data-id=\"1e748a3\" data-element_type=\"widget\" data-e-type=\"widget\" data-widget_type=\"text-editor.default\">\n\t\t\t\t\t\t\t\t\t<div class=\"et_pb_blurb_description\"><p>Gut verzweigte Pflanze mit mindestens 7 \u00c4sten in der richtigen H\u00f6he und einem gut entwickelten Wurzelsystem.<\/p><\/div>\t\t\t\t\t\t\t\t<\/div>\n\t\t\t\t<\/div>\n\t\t<div class=\"elementor-element elementor-element-1e84ebf e-con-full e-flex e-con e-child\" data-id=\"1e84ebf\" data-element_type=\"container\" data-e-type=\"container\" data-settings=\"{&quot;background_background&quot;:&quot;classic&quot;}\">\n\t\t\t\t<div class=\"elementor-element elementor-element-f08e98b elementor-widget elementor-widget-image\" data-id=\"f08e98b\" data-element_type=\"widget\" data-e-type=\"widget\" data-widget_type=\"image.default\">\n\t\t\t\t\t\t\t\t\t\t\t\t\t\t\t<img decoding=\"async\" width=\"400\" height=\"416\" src=\"https:\/\/www.fruitplant.it\/wp-content\/uploads\/2018\/06\/5.png\" class=\"attachment-large size-large wp-image-3800\" alt=\"\" srcset=\"https:\/\/www.fruitplant.it\/wp-content\/uploads\/2018\/06\/5.png 400w, https:\/\/www.fruitplant.it\/wp-content\/uploads\/2018\/06\/5-288x300.png 288w\" sizes=\"(max-width: 400px) 100vw, 400px\" \/>\t\t\t\t\t\t\t\t\t\t\t\t\t\t\t<\/div>\n\t\t\t\t<div class=\"elementor-element elementor-element-a38170f elementor-widget elementor-widget-heading\" data-id=\"a38170f\" data-element_type=\"widget\" data-e-type=\"widget\" data-widget_type=\"heading.default\">\n\t\t\t\t\t<h2 class=\"elementor-heading-title elementor-size-default\">5+<\/h2>\t\t\t\t<\/div>\n\t\t\t\t<div class=\"elementor-element elementor-element-3eff163 elementor-widget elementor-widget-text-editor\" data-id=\"3eff163\" data-element_type=\"widget\" data-e-type=\"widget\" data-widget_type=\"text-editor.default\">\n\t\t\t\t\t\t\t\t\t<div class=\"et_pb_blurb_description\"><p>Gut verzweigte Pflanze mit mindestens 5 \u00c4sten in der richtigen H\u00f6he und einem gut entwickelten Wurzelsystem.<\/p><\/div>\t\t\t\t\t\t\t\t<\/div>\n\t\t\t\t<\/div>\n\t\t<div class=\"elementor-element elementor-element-d2eff6f e-con-full e-flex e-con e-child\" data-id=\"d2eff6f\" data-element_type=\"container\" data-e-type=\"container\" data-settings=\"{&quot;background_background&quot;:&quot;classic&quot;}\">\n\t\t\t\t<div class=\"elementor-element elementor-element-2c32266 elementor-widget elementor-widget-image\" data-id=\"2c32266\" data-element_type=\"widget\" data-e-type=\"widget\" data-widget_type=\"image.default\">\n\t\t\t\t\t\t\t\t\t\t\t\t\t\t\t<img decoding=\"async\" width=\"400\" height=\"416\" src=\"https:\/\/www.fruitplant.it\/wp-content\/uploads\/2018\/06\/bibaum2.png\" class=\"attachment-large size-large wp-image-3798\" alt=\"\" srcset=\"https:\/\/www.fruitplant.it\/wp-content\/uploads\/2018\/06\/bibaum2.png 400w, https:\/\/www.fruitplant.it\/wp-content\/uploads\/2018\/06\/bibaum2-288x300.png 288w\" sizes=\"(max-width: 400px) 100vw, 400px\" \/>\t\t\t\t\t\t\t\t\t\t\t\t\t\t\t<\/div>\n\t\t\t\t<div class=\"elementor-element elementor-element-620d083 elementor-widget elementor-widget-heading\" data-id=\"620d083\" data-element_type=\"widget\" data-e-type=\"widget\" data-widget_type=\"heading.default\">\n\t\t\t\t\t<h2 class=\"elementor-heading-title elementor-size-default\">BIBAUM\u00ae\n<\/h2>\t\t\t\t<\/div>\n\t\t\t\t<div class=\"elementor-element elementor-element-02c4e96 elementor-widget elementor-widget-text-editor\" data-id=\"02c4e96\" data-element_type=\"widget\" data-e-type=\"widget\" data-widget_type=\"text-editor.default\">\n\t\t\t\t\t\t\t\t\t<div class=\"et_pb_blurb_description\"><p>Gut verzweigte Pflanze mit zwei gut ausbalancierten und symmetrischen Achsen.<\/p><\/div>\t\t\t\t\t\t\t\t<\/div>\n\t\t\t\t<div class=\"elementor-element elementor-element-82e9fca elementor-align-left elementor-widget elementor-widget-button\" data-id=\"82e9fca\" data-element_type=\"widget\" data-e-type=\"widget\" data-widget_type=\"button.default\">\n\t\t\t\t\t\t\t\t\t\t<a class=\"elementor-button elementor-button-link elementor-size-sm\" href=\"#\">\n\t\t\t\t\t\t<span class=\"elementor-button-content-wrapper\">\n\t\t\t\t\t\t\t\t\t<span class=\"elementor-button-text\">Mehr lesen...<\/span>\n\t\t\t\t\t<\/span>\n\t\t\t\t\t<\/a>\n\t\t\t\t\t\t\t\t<\/div>\n\t\t\t\t<\/div>\n\t\t<div class=\"elementor-element elementor-element-2c62d76 e-con-full e-flex e-con e-child\" data-id=\"2c62d76\" data-element_type=\"container\" data-e-type=\"container\" data-settings=\"{&quot;background_background&quot;:&quot;classic&quot;}\">\n\t\t\t\t<div class=\"elementor-element elementor-element-5fb9eba elementor-widget elementor-widget-image\" data-id=\"5fb9eba\" data-element_type=\"widget\" data-e-type=\"widget\" data-widget_type=\"image.default\">\n\t\t\t\t\t\t\t\t\t\t\t\t\t\t\t<img loading=\"lazy\" decoding=\"async\" width=\"400\" height=\"416\" src=\"https:\/\/www.fruitplant.it\/wp-content\/uploads\/2018\/06\/guyot2.png\" class=\"attachment-large size-large wp-image-3797\" alt=\"\" srcset=\"https:\/\/www.fruitplant.it\/wp-content\/uploads\/2018\/06\/guyot2.png 400w, https:\/\/www.fruitplant.it\/wp-content\/uploads\/2018\/06\/guyot2-288x300.png 288w\" sizes=\"(max-width: 400px) 100vw, 400px\" \/>\t\t\t\t\t\t\t\t\t\t\t\t\t\t\t<\/div>\n\t\t\t\t<div class=\"elementor-element elementor-element-cf8577c elementor-widget elementor-widget-heading\" data-id=\"cf8577c\" data-element_type=\"widget\" data-e-type=\"widget\" data-widget_type=\"heading.default\">\n\t\t\t\t\t<h2 class=\"elementor-heading-title elementor-size-default\">GUYOT<\/h2>\t\t\t\t<\/div>\n\t\t\t\t<div class=\"elementor-element elementor-element-a25aed5 elementor-widget elementor-widget-text-editor\" data-id=\"a25aed5\" data-element_type=\"widget\" data-e-type=\"widget\" data-widget_type=\"text-editor.default\">\n\t\t\t\t\t\t\t\t\t<div class=\"et_pb_blurb_description\"><p>Pflanze mit einer horizontalen Achse, \u00c4ste nur auf einer Seite und st\u00e4rker am Ende der Achse.<\/p><\/div>\t\t\t\t\t\t\t\t<\/div>\n\t\t\t\t<div class=\"elementor-element elementor-element-c38e825 elementor-align-left elementor-widget elementor-widget-button\" data-id=\"c38e825\" data-element_type=\"widget\" data-e-type=\"widget\" data-widget_type=\"button.default\">\n\t\t\t\t\t\t\t\t\t\t<a class=\"elementor-button elementor-button-link elementor-size-sm\" href=\"#\">\n\t\t\t\t\t\t<span class=\"elementor-button-content-wrapper\">\n\t\t\t\t\t\t\t\t\t<span class=\"elementor-button-text\">Mehr lesen...<\/span>\n\t\t\t\t\t<\/span>\n\t\t\t\t\t<\/a>\n\t\t\t\t\t\t\t\t<\/div>\n\t\t\t\t<\/div>\n\t\t\t\t<\/div>\n\t\t\t\t\t<\/div>\n\t\t\t\t<\/div>\n\t\t\t\t<\/div>\n\t\t","protected":false},"excerpt":{"rendered":"<p>Unsere Produkte Qualit\u00e4t steht an erster Stelle! Unsere Pflanzen zeichnen sich durch hohe Qualit\u00e4t, sowohl intern als auch extern, und ein gut entwickeltes Wurzelsystem aus. Die Pflanzen werden anhand ihrer Eigenschaften in verschiedene Qualit\u00e4tskategorien eingeteilt, um eine einheitliche Produktqualit\u00e4t zum Zeitpunkt der Lieferung zu gew\u00e4hrleisten. Wir bieten alle unsere Pflanzen als 2-j\u00e4hrige Knip-Pflanzen oder 1-j\u00e4hrige [&hellip;]<\/p>\n","protected":false},"author":1,"featured_media":0,"parent":0,"menu_order":0,"comment_status":"closed","ping_status":"closed","template":"elementor_header_footer","meta":{"footnotes":""},"class_list":["post-5696","page","type-page","status-publish","hentry"],"_links":{"self":[{"href":"https:\/\/www.fruitplant.it\/de\/wp-json\/wp\/v2\/pages\/5696","targetHints":{"allow":["GET"]}}],"collection":[{"href":"https:\/\/www.fruitplant.it\/de\/wp-json\/wp\/v2\/pages"}],"about":[{"href":"https:\/\/www.fruitplant.it\/de\/wp-json\/wp\/v2\/types\/page"}],"author":[{"embeddable":true,"href":"https:\/\/www.fruitplant.it\/de\/wp-json\/wp\/v2\/users\/1"}],"replies":[{"embeddable":true,"href":"https:\/\/www.fruitplant.it\/de\/wp-json\/wp\/v2\/comments?post=5696"}],"version-history":[{"count":0,"href":"https:\/\/www.fruitplant.it\/de\/wp-json\/wp\/v2\/pages\/5696\/revisions"}],"wp:attachment":[{"href":"https:\/\/www.fruitplant.it\/de\/wp-json\/wp\/v2\/media?parent=5696"}],"curies":[{"name":"wp","href":"https:\/\/api.w.org\/{rel}","templated":true}]}}