{"id":5708,"date":"2026-01-26T13:44:28","date_gmt":"2026-01-26T13:44:28","guid":{"rendered":"https:\/\/fruitplant.it\/sorten-unten-beobachtung\/"},"modified":"2026-01-28T13:12:49","modified_gmt":"2026-01-28T13:12:49","slug":"sorten-unten-beobachtung","status":"publish","type":"page","link":"https:\/\/www.fruitplant.it\/de\/sorten-unten-beobachtung\/","title":{"rendered":"Sorten unten Beobachtung"},"content":{"rendered":"\t\t<div data-elementor-type=\"wp-page\" data-elementor-id=\"5708\" class=\"elementor elementor-5708 elementor-5503\" data-elementor-post-type=\"page\">\n\t\t\t\t<div class=\"elementor-element elementor-element-994aa89 e-flex e-con-boxed e-con e-parent\" data-id=\"994aa89\" data-element_type=\"container\" data-e-type=\"container\" data-settings=\"{&quot;background_background&quot;:&quot;classic&quot;,&quot;shape_divider_bottom&quot;:&quot;opacity-fan&quot;}\">\n\t\t\t\t\t<div class=\"e-con-inner\">\n\t\t\t\t<div class=\"elementor-shape elementor-shape-bottom\" aria-hidden=\"true\" data-negative=\"false\">\n\t\t\t<svg xmlns=\"http:\/\/www.w3.org\/2000\/svg\" viewBox=\"0 0 283.5 19.6\" preserveAspectRatio=\"none\">\n\t<path class=\"elementor-shape-fill\" style=\"opacity:0.33\" d=\"M0 0L0 18.8 141.8 4.1 283.5 18.8 283.5 0z\"\/>\n\t<path class=\"elementor-shape-fill\" style=\"opacity:0.33\" d=\"M0 0L0 12.6 141.8 4 283.5 12.6 283.5 0z\"\/>\n\t<path class=\"elementor-shape-fill\" style=\"opacity:0.33\" d=\"M0 0L0 6.4 141.8 4 283.5 6.4 283.5 0z\"\/>\n\t<path class=\"elementor-shape-fill\" d=\"M0 0L0 1.2 141.8 4 283.5 1.2 283.5 0z\"\/>\n<\/svg>\t\t<\/div>\n\t\t\t\t<div class=\"elementor-element elementor-element-6aa5049 elementor-widget elementor-widget-heading\" data-id=\"6aa5049\" data-element_type=\"widget\" data-e-type=\"widget\" data-widget_type=\"heading.default\">\n\t\t\t\t\t<h2 class=\"elementor-heading-title elementor-size-default\">Sorten unten Beobachtung<\/h2>\t\t\t\t<\/div>\n\t\t\t\t\t<\/div>\n\t\t\t\t<\/div>\n\t\t<div class=\"elementor-element elementor-element-2870701 e-flex e-con-boxed e-con e-parent\" data-id=\"2870701\" data-element_type=\"container\" data-e-type=\"container\">\n\t\t\t\t\t<div class=\"e-con-inner\">\n\t\t<div class=\"elementor-element elementor-element-bd2ffcc e-con-full e-flex e-con e-child\" data-id=\"bd2ffcc\" data-element_type=\"container\" data-e-type=\"container\">\n\t\t<div class=\"elementor-element elementor-element-452b17d e-con-full e-flex e-con e-child\" data-id=\"452b17d\" data-element_type=\"container\" data-e-type=\"container\">\n\t\t\t\t<div class=\"elementor-element elementor-element-ee8c1cd elementor-widget elementor-widget-text-editor\" data-id=\"ee8c1cd\" data-element_type=\"widget\" data-e-type=\"widget\" data-widget_type=\"text-editor.default\">\n\t\t\t\t\t\t\t\t\t<p>Die Feno GmbH, welche sich im Besitz der Fruitplant-Mitglieder befindet, f\u00fchrt ein eigenes Z\u00fcchtungsprogramm dem j\u00e4hrlich etwa 1000 S\u00e4mlinge entspringen. Die vielversprechendsten Kreuzungsnummern werden genauestens auf ihre Anbaueignung und Vermarktungsf\u00e4higkeit gepr\u00fcft um ihr zuk\u00fcnftiges Potenzial absch\u00e4tzen zu k\u00f6nnen. Die n\u00f6tigen Sortentests werden in betriebseigenen Testfeldern aber auch unter kommerziellen Bedingungen bei Partnerbetrieben durchgef\u00fchrt. Bei Interesse stehen genauere Informationen sowie Testb\u00e4ume von den folgenden Sorten zur Verf\u00fcgung.   <\/p>\t\t\t\t\t\t\t\t<\/div>\n\t\t\t\t<\/div>\n\t\t\t\t<\/div>\n\t\t\t\t\t<\/div>\n\t\t\t\t<\/div>\n\t\t<div class=\"elementor-element elementor-element-d79c907 e-flex e-con-boxed e-con e-parent\" data-id=\"d79c907\" data-element_type=\"container\" data-e-type=\"container\" data-settings=\"{&quot;background_background&quot;:&quot;classic&quot;}\">\n\t\t\t\t\t<div class=\"e-con-inner\">\n\t\t\t\t<div class=\"elementor-element elementor-element-a773c5b elementor-widget elementor-widget-heading\" data-id=\"a773c5b\" data-element_type=\"widget\" data-e-type=\"widget\" data-widget_type=\"heading.default\">\n\t\t\t\t\t<h2 class=\"elementor-heading-title elementor-size-default\">G x P2<\/h2>\t\t\t\t<\/div>\n\t\t<div class=\"elementor-element elementor-element-ca78fbb e-con-full e-flex e-con e-child\" data-id=\"ca78fbb\" data-element_type=\"container\" data-e-type=\"container\">\n\t\t\t\t<div class=\"elementor-element elementor-element-5aa7a61 elementor-widget elementor-widget-image-gallery\" data-id=\"5aa7a61\" data-element_type=\"widget\" data-e-type=\"widget\" data-widget_type=\"image-gallery.default\">\n\t\t\t\t\t\t\t<div class=\"elementor-image-gallery\">\n\t\t\t<div id='gallery-1' class='gallery galleryid-5708 gallery-columns-4 gallery-size-medium'><figure class='gallery-item'>\n\t\t\t<div class='gallery-icon portrait'>\n\t\t\t\t<a data-elementor-open-lightbox=\"yes\" data-elementor-lightbox-slideshow=\"5aa7a61\" data-elementor-lightbox-title=\"GxP2\" data-e-action-hash=\"#elementor-action%3Aaction%3Dlightbox%26settings%3DeyJpZCI6MzQ2NiwidXJsIjoiaHR0cHM6XC9cL3d3dy5mcnVpdHBsYW50Lml0XC93cC1jb250ZW50XC91cGxvYWRzXC8yMDE4XC8wNVwvR3hQMi0yLmpwZyIsInNsaWRlc2hvdyI6IjVhYTdhNjEifQ%3D%3D\" href='https:\/\/www.fruitplant.it\/wp-content\/uploads\/2018\/05\/GxP2-2.jpg'><img fetchpriority=\"high\" decoding=\"async\" width=\"225\" height=\"300\" src=\"https:\/\/www.fruitplant.it\/wp-content\/uploads\/2018\/05\/GxP2-2-225x300.jpg\" class=\"attachment-medium size-medium\" alt=\"\" srcset=\"https:\/\/www.fruitplant.it\/wp-content\/uploads\/2018\/05\/GxP2-2-225x300.jpg 225w, https:\/\/www.fruitplant.it\/wp-content\/uploads\/2018\/05\/GxP2-2-768x1024.jpg 768w, https:\/\/www.fruitplant.it\/wp-content\/uploads\/2018\/05\/GxP2-2.jpg 800w\" sizes=\"(max-width: 225px) 100vw, 225px\" \/><\/a>\n\t\t\t<\/div><\/figure><figure class='gallery-item'>\n\t\t\t<div class='gallery-icon portrait'>\n\t\t\t\t<a data-elementor-open-lightbox=\"yes\" data-elementor-lightbox-slideshow=\"5aa7a61\" data-elementor-lightbox-title=\"GxP2\" data-e-action-hash=\"#elementor-action%3Aaction%3Dlightbox%26settings%3DeyJpZCI6MzQ2NSwidXJsIjoiaHR0cHM6XC9cL3d3dy5mcnVpdHBsYW50Lml0XC93cC1jb250ZW50XC91cGxvYWRzXC8yMDE4XC8wNVwvR3hQMi0zLmpwZyIsInNsaWRlc2hvdyI6IjVhYTdhNjEifQ%3D%3D\" href='https:\/\/www.fruitplant.it\/wp-content\/uploads\/2018\/05\/GxP2-3.jpg'><img decoding=\"async\" width=\"225\" height=\"300\" src=\"https:\/\/www.fruitplant.it\/wp-content\/uploads\/2018\/05\/GxP2-3-225x300.jpg\" class=\"attachment-medium size-medium\" alt=\"\" srcset=\"https:\/\/www.fruitplant.it\/wp-content\/uploads\/2018\/05\/GxP2-3-225x300.jpg 225w, https:\/\/www.fruitplant.it\/wp-content\/uploads\/2018\/05\/GxP2-3-768x1024.jpg 768w, https:\/\/www.fruitplant.it\/wp-content\/uploads\/2018\/05\/GxP2-3.jpg 800w\" sizes=\"(max-width: 225px) 100vw, 225px\" \/><\/a>\n\t\t\t<\/div><\/figure><figure class='gallery-item'>\n\t\t\t<div class='gallery-icon portrait'>\n\t\t\t\t<a data-elementor-open-lightbox=\"yes\" data-elementor-lightbox-slideshow=\"5aa7a61\" data-elementor-lightbox-title=\"GxP2\" data-e-action-hash=\"#elementor-action%3Aaction%3Dlightbox%26settings%3DeyJpZCI6MzQ2NCwidXJsIjoiaHR0cHM6XC9cL3d3dy5mcnVpdHBsYW50Lml0XC93cC1jb250ZW50XC91cGxvYWRzXC8yMDE4XC8wNVwvR3hQMi00LmpwZyIsInNsaWRlc2hvdyI6IjVhYTdhNjEifQ%3D%3D\" href='https:\/\/www.fruitplant.it\/wp-content\/uploads\/2018\/05\/GxP2-4.jpg'><img decoding=\"async\" width=\"225\" height=\"300\" src=\"https:\/\/www.fruitplant.it\/wp-content\/uploads\/2018\/05\/GxP2-4-225x300.jpg\" class=\"attachment-medium size-medium\" alt=\"\" srcset=\"https:\/\/www.fruitplant.it\/wp-content\/uploads\/2018\/05\/GxP2-4-225x300.jpg 225w, https:\/\/www.fruitplant.it\/wp-content\/uploads\/2018\/05\/GxP2-4-768x1024.jpg 768w, https:\/\/www.fruitplant.it\/wp-content\/uploads\/2018\/05\/GxP2-4.jpg 800w\" sizes=\"(max-width: 225px) 100vw, 225px\" \/><\/a>\n\t\t\t<\/div><\/figure><figure class='gallery-item'>\n\t\t\t<div class='gallery-icon portrait'>\n\t\t\t\t<a data-elementor-open-lightbox=\"yes\" data-elementor-lightbox-slideshow=\"5aa7a61\" data-elementor-lightbox-title=\"GxP2\" data-e-action-hash=\"#elementor-action%3Aaction%3Dlightbox%26settings%3DeyJpZCI6MzQ1MCwidXJsIjoiaHR0cHM6XC9cL3d3dy5mcnVpdHBsYW50Lml0XC93cC1jb250ZW50XC91cGxvYWRzXC8yMDE4XC8wNVwvR3hQMi5qcGciLCJzbGlkZXNob3ciOiI1YWE3YTYxIn0%3D\" href='https:\/\/www.fruitplant.it\/wp-content\/uploads\/2018\/05\/GxP2.jpg'><img loading=\"lazy\" decoding=\"async\" width=\"225\" height=\"300\" src=\"https:\/\/www.fruitplant.it\/wp-content\/uploads\/2018\/05\/GxP2-225x300.jpg\" class=\"attachment-medium size-medium\" alt=\"\" srcset=\"https:\/\/www.fruitplant.it\/wp-content\/uploads\/2018\/05\/GxP2-225x300.jpg 225w, https:\/\/www.fruitplant.it\/wp-content\/uploads\/2018\/05\/GxP2-768x1024.jpg 768w, https:\/\/www.fruitplant.it\/wp-content\/uploads\/2018\/05\/GxP2.jpg 800w\" sizes=\"(max-width: 225px) 100vw, 225px\" \/><\/a>\n\t\t\t<\/div><\/figure>\n\t\t<\/div>\n\t\t<\/div>\n\t\t\t\t\t\t<\/div>\n\t\t\t\t<\/div>\n\t\t\t\t\t<\/div>\n\t\t\t\t<\/div>\n\t\t<div class=\"elementor-element elementor-element-75e2ad7 e-flex e-con-boxed e-con e-parent\" data-id=\"75e2ad7\" data-element_type=\"container\" data-e-type=\"container\" data-settings=\"{&quot;background_background&quot;:&quot;classic&quot;}\">\n\t\t\t\t\t<div class=\"e-con-inner\">\n\t\t\t\t<div class=\"elementor-element elementor-element-73aab73 elementor-widget elementor-widget-heading\" data-id=\"73aab73\" data-element_type=\"widget\" data-e-type=\"widget\" data-widget_type=\"heading.default\">\n\t\t\t\t\t<h2 class=\"elementor-heading-title elementor-size-default\">G x P3<\/h2>\t\t\t\t<\/div>\n\t\t<div class=\"elementor-element elementor-element-a3763e4 e-con-full e-flex e-con e-child\" data-id=\"a3763e4\" data-element_type=\"container\" data-e-type=\"container\">\n\t\t\t\t<div class=\"elementor-element elementor-element-730ab16 elementor-widget elementor-widget-image-gallery\" data-id=\"730ab16\" data-element_type=\"widget\" data-e-type=\"widget\" data-widget_type=\"image-gallery.default\">\n\t\t\t\t\t\t\t<div class=\"elementor-image-gallery\">\n\t\t\t<div id='gallery-2' class='gallery galleryid-5708 gallery-columns-4 gallery-size-medium'><figure class='gallery-item'>\n\t\t\t<div class='gallery-icon portrait'>\n\t\t\t\t<a data-elementor-open-lightbox=\"yes\" data-elementor-lightbox-slideshow=\"730ab16\" data-elementor-lightbox-title=\"GxP3\" data-e-action-hash=\"#elementor-action%3Aaction%3Dlightbox%26settings%3DeyJpZCI6MzQ3NiwidXJsIjoiaHR0cHM6XC9cL3d3dy5mcnVpdHBsYW50Lml0XC93cC1jb250ZW50XC91cGxvYWRzXC8yMDE4XC8wNVwvR3hQMy00LmpwZyIsInNsaWRlc2hvdyI6IjczMGFiMTYifQ%3D%3D\" href='https:\/\/www.fruitplant.it\/wp-content\/uploads\/2018\/05\/GxP3-4.jpg'><img loading=\"lazy\" decoding=\"async\" width=\"225\" height=\"300\" src=\"https:\/\/www.fruitplant.it\/wp-content\/uploads\/2018\/05\/GxP3-4-225x300.jpg\" class=\"attachment-medium size-medium\" alt=\"\" srcset=\"https:\/\/www.fruitplant.it\/wp-content\/uploads\/2018\/05\/GxP3-4-225x300.jpg 225w, https:\/\/www.fruitplant.it\/wp-content\/uploads\/2018\/05\/GxP3-4.jpg 600w\" sizes=\"(max-width: 225px) 100vw, 225px\" \/><\/a>\n\t\t\t<\/div><\/figure><figure class='gallery-item'>\n\t\t\t<div class='gallery-icon portrait'>\n\t\t\t\t<a data-elementor-open-lightbox=\"yes\" data-elementor-lightbox-slideshow=\"730ab16\" data-elementor-lightbox-title=\"GxP3\" data-e-action-hash=\"#elementor-action%3Aaction%3Dlightbox%26settings%3DeyJpZCI6MzQ3MCwidXJsIjoiaHR0cHM6XC9cL3d3dy5mcnVpdHBsYW50Lml0XC93cC1jb250ZW50XC91cGxvYWRzXC8yMDE4XC8wNVwvR3hQMy0yLWUxNzY5NDM1ODI3MTg1LmpwZyIsInNsaWRlc2hvdyI6IjczMGFiMTYifQ%3D%3D\" href='https:\/\/www.fruitplant.it\/wp-content\/uploads\/2018\/05\/GxP3-2-e1769435827185.jpg'><img loading=\"lazy\" decoding=\"async\" width=\"225\" height=\"300\" src=\"https:\/\/www.fruitplant.it\/wp-content\/uploads\/2018\/05\/GxP3-2-e1769435827185-225x300.jpg\" class=\"attachment-medium size-medium\" alt=\"\" srcset=\"https:\/\/www.fruitplant.it\/wp-content\/uploads\/2018\/05\/GxP3-2-e1769435827185-225x300.jpg 225w, https:\/\/www.fruitplant.it\/wp-content\/uploads\/2018\/05\/GxP3-2-e1769435827185.jpg 600w\" sizes=\"(max-width: 225px) 100vw, 225px\" \/><\/a>\n\t\t\t<\/div><\/figure><figure class='gallery-item'>\n\t\t\t<div class='gallery-icon portrait'>\n\t\t\t\t<a data-elementor-open-lightbox=\"yes\" data-elementor-lightbox-slideshow=\"730ab16\" data-elementor-lightbox-title=\"GxP3\" data-e-action-hash=\"#elementor-action%3Aaction%3Dlightbox%26settings%3DeyJpZCI6MzQ2OSwidXJsIjoiaHR0cHM6XC9cL3d3dy5mcnVpdHBsYW50Lml0XC93cC1jb250ZW50XC91cGxvYWRzXC8yMDE4XC8wNVwvR3hQMy0zLmpwZyIsInNsaWRlc2hvdyI6IjczMGFiMTYifQ%3D%3D\" href='https:\/\/www.fruitplant.it\/wp-content\/uploads\/2018\/05\/GxP3-3.jpg'><img loading=\"lazy\" decoding=\"async\" width=\"225\" height=\"300\" src=\"https:\/\/www.fruitplant.it\/wp-content\/uploads\/2018\/05\/GxP3-3-225x300.jpg\" class=\"attachment-medium size-medium\" alt=\"\" srcset=\"https:\/\/www.fruitplant.it\/wp-content\/uploads\/2018\/05\/GxP3-3-225x300.jpg 225w, https:\/\/www.fruitplant.it\/wp-content\/uploads\/2018\/05\/GxP3-3-768x1024.jpg 768w, https:\/\/www.fruitplant.it\/wp-content\/uploads\/2018\/05\/GxP3-3.jpg 800w\" sizes=\"(max-width: 225px) 100vw, 225px\" \/><\/a>\n\t\t\t<\/div><\/figure><figure class='gallery-item'>\n\t\t\t<div class='gallery-icon portrait'>\n\t\t\t\t<a data-elementor-open-lightbox=\"yes\" data-elementor-lightbox-slideshow=\"730ab16\" data-elementor-lightbox-title=\"GxP3\" data-e-action-hash=\"#elementor-action%3Aaction%3Dlightbox%26settings%3DeyJpZCI6MzQ1MSwidXJsIjoiaHR0cHM6XC9cL3d3dy5mcnVpdHBsYW50Lml0XC93cC1jb250ZW50XC91cGxvYWRzXC8yMDE4XC8wNVwvR3hQMy5qcGciLCJzbGlkZXNob3ciOiI3MzBhYjE2In0%3D\" href='https:\/\/www.fruitplant.it\/wp-content\/uploads\/2018\/05\/GxP3.jpg'><img loading=\"lazy\" decoding=\"async\" width=\"225\" height=\"300\" src=\"https:\/\/www.fruitplant.it\/wp-content\/uploads\/2018\/05\/GxP3-225x300.jpg\" class=\"attachment-medium size-medium\" alt=\"\" srcset=\"https:\/\/www.fruitplant.it\/wp-content\/uploads\/2018\/05\/GxP3-225x300.jpg 225w, https:\/\/www.fruitplant.it\/wp-content\/uploads\/2018\/05\/GxP3-768x1024.jpg 768w, https:\/\/www.fruitplant.it\/wp-content\/uploads\/2018\/05\/GxP3.jpg 800w\" sizes=\"(max-width: 225px) 100vw, 225px\" \/><\/a>\n\t\t\t<\/div><\/figure>\n\t\t<\/div>\n\t\t<\/div>\n\t\t\t\t\t\t<\/div>\n\t\t\t\t<\/div>\n\t\t\t\t\t<\/div>\n\t\t\t\t<\/div>\n\t\t<div class=\"elementor-element elementor-element-4062ae1 e-flex e-con-boxed e-con e-parent\" data-id=\"4062ae1\" data-element_type=\"container\" data-e-type=\"container\" data-settings=\"{&quot;background_background&quot;:&quot;classic&quot;}\">\n\t\t\t\t\t<div class=\"e-con-inner\">\n\t\t\t\t<div class=\"elementor-element elementor-element-50ea79a elementor-widget elementor-widget-heading\" data-id=\"50ea79a\" data-element_type=\"widget\" data-e-type=\"widget\" data-widget_type=\"heading.default\">\n\t\t\t\t\t<h2 class=\"elementor-heading-title elementor-size-default\">Fuji x Pinova<\/h2>\t\t\t\t<\/div>\n\t\t<div class=\"elementor-element elementor-element-074b246 e-con-full e-flex e-con e-child\" data-id=\"074b246\" data-element_type=\"container\" data-e-type=\"container\">\n\t\t\t\t<div class=\"elementor-element elementor-element-d719287 elementor-widget elementor-widget-image-gallery\" data-id=\"d719287\" data-element_type=\"widget\" data-e-type=\"widget\" data-widget_type=\"image-gallery.default\">\n\t\t\t\t\t\t\t<div class=\"elementor-image-gallery\">\n\t\t\t<div id='gallery-3' class='gallery galleryid-5708 gallery-columns-4 gallery-size-medium'><figure class='gallery-item'>\n\t\t\t<div class='gallery-icon portrait'>\n\t\t\t\t<a data-elementor-open-lightbox=\"yes\" data-elementor-lightbox-slideshow=\"d719287\" data-elementor-lightbox-title=\"Fuji x Pinova\" data-e-action-hash=\"#elementor-action%3Aaction%3Dlightbox%26settings%3DeyJpZCI6MzQ3NywidXJsIjoiaHR0cHM6XC9cL3d3dy5mcnVpdHBsYW50Lml0XC93cC1jb250ZW50XC91cGxvYWRzXC8yMDE4XC8wNVwvRnVqaS14LVBpbm92YS00LmpwZyIsInNsaWRlc2hvdyI6ImQ3MTkyODcifQ%3D%3D\" href='https:\/\/www.fruitplant.it\/wp-content\/uploads\/2018\/05\/Fuji-x-Pinova-4.jpg'><img loading=\"lazy\" decoding=\"async\" width=\"225\" height=\"300\" src=\"https:\/\/www.fruitplant.it\/wp-content\/uploads\/2018\/05\/Fuji-x-Pinova-4-225x300.jpg\" class=\"attachment-medium size-medium\" alt=\"\" srcset=\"https:\/\/www.fruitplant.it\/wp-content\/uploads\/2018\/05\/Fuji-x-Pinova-4-225x300.jpg 225w, https:\/\/www.fruitplant.it\/wp-content\/uploads\/2018\/05\/Fuji-x-Pinova-4.jpg 600w\" sizes=\"(max-width: 225px) 100vw, 225px\" \/><\/a>\n\t\t\t<\/div><\/figure><figure class='gallery-item'>\n\t\t\t<div class='gallery-icon portrait'>\n\t\t\t\t<a data-elementor-open-lightbox=\"yes\" data-elementor-lightbox-slideshow=\"d719287\" data-elementor-lightbox-title=\"Breaburn x Pinova\" data-e-action-hash=\"#elementor-action%3Aaction%3Dlightbox%26settings%3DeyJpZCI6MzQ3NCwidXJsIjoiaHR0cHM6XC9cL3d3dy5mcnVpdHBsYW50Lml0XC93cC1jb250ZW50XC91cGxvYWRzXC8yMDE4XC8wNVwvQnJlYWJ1cm4teC1QaW5vdmEtMy5qcGciLCJzbGlkZXNob3ciOiJkNzE5Mjg3In0%3D\" href='https:\/\/www.fruitplant.it\/wp-content\/uploads\/2018\/05\/Breaburn-x-Pinova-3.jpg'><img loading=\"lazy\" decoding=\"async\" width=\"225\" height=\"300\" src=\"https:\/\/www.fruitplant.it\/wp-content\/uploads\/2018\/05\/Breaburn-x-Pinova-3-225x300.jpg\" class=\"attachment-medium size-medium\" alt=\"\" srcset=\"https:\/\/www.fruitplant.it\/wp-content\/uploads\/2018\/05\/Breaburn-x-Pinova-3-225x300.jpg 225w, https:\/\/www.fruitplant.it\/wp-content\/uploads\/2018\/05\/Breaburn-x-Pinova-3.jpg 480w\" sizes=\"(max-width: 225px) 100vw, 225px\" \/><\/a>\n\t\t\t<\/div><\/figure><figure class='gallery-item'>\n\t\t\t<div class='gallery-icon portrait'>\n\t\t\t\t<a data-elementor-open-lightbox=\"yes\" data-elementor-lightbox-slideshow=\"d719287\" data-elementor-lightbox-title=\"Fuji x Pinova\" data-e-action-hash=\"#elementor-action%3Aaction%3Dlightbox%26settings%3DeyJpZCI6MzQ3MiwidXJsIjoiaHR0cHM6XC9cL3d3dy5mcnVpdHBsYW50Lml0XC93cC1jb250ZW50XC91cGxvYWRzXC8yMDE4XC8wNVwvRnVqaS14LVBpbm92YS0zLmpwZyIsInNsaWRlc2hvdyI6ImQ3MTkyODcifQ%3D%3D\" href='https:\/\/www.fruitplant.it\/wp-content\/uploads\/2018\/05\/Fuji-x-Pinova-3.jpg'><img loading=\"lazy\" decoding=\"async\" width=\"225\" height=\"300\" src=\"https:\/\/www.fruitplant.it\/wp-content\/uploads\/2018\/05\/Fuji-x-Pinova-3-225x300.jpg\" class=\"attachment-medium size-medium\" alt=\"\" srcset=\"https:\/\/www.fruitplant.it\/wp-content\/uploads\/2018\/05\/Fuji-x-Pinova-3-225x300.jpg 225w, https:\/\/www.fruitplant.it\/wp-content\/uploads\/2018\/05\/Fuji-x-Pinova-3.jpg 480w\" sizes=\"(max-width: 225px) 100vw, 225px\" \/><\/a>\n\t\t\t<\/div><\/figure><figure class='gallery-item'>\n\t\t\t<div class='gallery-icon portrait'>\n\t\t\t\t<a data-elementor-open-lightbox=\"yes\" data-elementor-lightbox-slideshow=\"d719287\" data-elementor-lightbox-title=\"Fuji-x-Pinova\" data-e-action-hash=\"#elementor-action%3Aaction%3Dlightbox%26settings%3DeyJpZCI6MzQ0OSwidXJsIjoiaHR0cHM6XC9cL3d3dy5mcnVpdHBsYW50Lml0XC93cC1jb250ZW50XC91cGxvYWRzXC8yMDE4XC8wNVwvRnVqaS14LVBpbm92YS5qcGciLCJzbGlkZXNob3ciOiJkNzE5Mjg3In0%3D\" href='https:\/\/www.fruitplant.it\/wp-content\/uploads\/2018\/05\/Fuji-x-Pinova.jpg'><img loading=\"lazy\" decoding=\"async\" width=\"225\" height=\"300\" src=\"https:\/\/www.fruitplant.it\/wp-content\/uploads\/2018\/05\/Fuji-x-Pinova-225x300.jpg\" class=\"attachment-medium size-medium\" alt=\"\" srcset=\"https:\/\/www.fruitplant.it\/wp-content\/uploads\/2018\/05\/Fuji-x-Pinova-225x300.jpg 225w, https:\/\/www.fruitplant.it\/wp-content\/uploads\/2018\/05\/Fuji-x-Pinova.jpg 480w\" sizes=\"(max-width: 225px) 100vw, 225px\" \/><\/a>\n\t\t\t<\/div><\/figure>\n\t\t<\/div>\n\t\t<\/div>\n\t\t\t\t\t\t<\/div>\n\t\t\t\t<\/div>\n\t\t\t\t\t<\/div>\n\t\t\t\t<\/div>\n\t\t<div class=\"elementor-element elementor-element-238a69f e-flex e-con-boxed e-con e-parent\" data-id=\"238a69f\" data-element_type=\"container\" data-e-type=\"container\" data-settings=\"{&quot;background_background&quot;:&quot;classic&quot;}\">\n\t\t\t\t\t<div class=\"e-con-inner\">\n\t\t\t\t<div class=\"elementor-element elementor-element-aa7f02a elementor-widget elementor-widget-heading\" data-id=\"aa7f02a\" data-element_type=\"widget\" data-e-type=\"widget\" data-widget_type=\"heading.default\">\n\t\t\t\t\t<h2 class=\"elementor-heading-title elementor-size-default\">Breaburn x Pinova<\/h2>\t\t\t\t<\/div>\n\t\t<div class=\"elementor-element elementor-element-8665980 e-con-full e-flex e-con e-child\" data-id=\"8665980\" data-element_type=\"container\" data-e-type=\"container\">\n\t\t\t\t<div class=\"elementor-element elementor-element-f5116ad elementor-widget elementor-widget-image-gallery\" data-id=\"f5116ad\" data-element_type=\"widget\" data-e-type=\"widget\" data-widget_type=\"image-gallery.default\">\n\t\t\t\t\t\t\t<div class=\"elementor-image-gallery\">\n\t\t\t<div id='gallery-4' class='gallery galleryid-5708 gallery-columns-3 gallery-size-medium'><figure class='gallery-item'>\n\t\t\t<div class='gallery-icon portrait'>\n\t\t\t\t<a data-elementor-open-lightbox=\"yes\" data-elementor-lightbox-slideshow=\"f5116ad\" data-elementor-lightbox-title=\"Breaburn x Pinova\" data-e-action-hash=\"#elementor-action%3Aaction%3Dlightbox%26settings%3DeyJpZCI6MzQ0OCwidXJsIjoiaHR0cHM6XC9cL3d3dy5mcnVpdHBsYW50Lml0XC93cC1jb250ZW50XC91cGxvYWRzXC8yMDE4XC8wNVwvQnJlYWJ1cm4teC1QaW5vdmEuanBnIiwic2xpZGVzaG93IjoiZjUxMTZhZCJ9\" href='https:\/\/www.fruitplant.it\/wp-content\/uploads\/2018\/05\/Breaburn-x-Pinova.jpg'><img loading=\"lazy\" decoding=\"async\" width=\"225\" height=\"300\" src=\"https:\/\/www.fruitplant.it\/wp-content\/uploads\/2018\/05\/Breaburn-x-Pinova-225x300.jpg\" class=\"attachment-medium size-medium\" alt=\"\" srcset=\"https:\/\/www.fruitplant.it\/wp-content\/uploads\/2018\/05\/Breaburn-x-Pinova-225x300.jpg 225w, https:\/\/www.fruitplant.it\/wp-content\/uploads\/2018\/05\/Breaburn-x-Pinova-768x1024.jpg 768w, https:\/\/www.fruitplant.it\/wp-content\/uploads\/2018\/05\/Breaburn-x-Pinova.jpg 800w\" sizes=\"(max-width: 225px) 100vw, 225px\" \/><\/a>\n\t\t\t<\/div><\/figure><figure class='gallery-item'>\n\t\t\t<div class='gallery-icon portrait'>\n\t\t\t\t<a data-elementor-open-lightbox=\"yes\" data-elementor-lightbox-slideshow=\"f5116ad\" data-elementor-lightbox-title=\"Breaburn x Pinova\" data-e-action-hash=\"#elementor-action%3Aaction%3Dlightbox%26settings%3DeyJpZCI6MzQ3NCwidXJsIjoiaHR0cHM6XC9cL3d3dy5mcnVpdHBsYW50Lml0XC93cC1jb250ZW50XC91cGxvYWRzXC8yMDE4XC8wNVwvQnJlYWJ1cm4teC1QaW5vdmEtMy5qcGciLCJzbGlkZXNob3ciOiJmNTExNmFkIn0%3D\" href='https:\/\/www.fruitplant.it\/wp-content\/uploads\/2018\/05\/Breaburn-x-Pinova-3.jpg'><img loading=\"lazy\" decoding=\"async\" width=\"225\" height=\"300\" src=\"https:\/\/www.fruitplant.it\/wp-content\/uploads\/2018\/05\/Breaburn-x-Pinova-3-225x300.jpg\" class=\"attachment-medium size-medium\" alt=\"\" srcset=\"https:\/\/www.fruitplant.it\/wp-content\/uploads\/2018\/05\/Breaburn-x-Pinova-3-225x300.jpg 225w, https:\/\/www.fruitplant.it\/wp-content\/uploads\/2018\/05\/Breaburn-x-Pinova-3.jpg 480w\" sizes=\"(max-width: 225px) 100vw, 225px\" \/><\/a>\n\t\t\t<\/div><\/figure><figure class='gallery-item'>\n\t\t\t<div class='gallery-icon portrait'>\n\t\t\t\t<a data-elementor-open-lightbox=\"yes\" data-elementor-lightbox-slideshow=\"f5116ad\" data-elementor-lightbox-title=\"Fuji-x-Pinova\" data-e-action-hash=\"#elementor-action%3Aaction%3Dlightbox%26settings%3DeyJpZCI6MzQ0OSwidXJsIjoiaHR0cHM6XC9cL3d3dy5mcnVpdHBsYW50Lml0XC93cC1jb250ZW50XC91cGxvYWRzXC8yMDE4XC8wNVwvRnVqaS14LVBpbm92YS5qcGciLCJzbGlkZXNob3ciOiJmNTExNmFkIn0%3D\" href='https:\/\/www.fruitplant.it\/wp-content\/uploads\/2018\/05\/Fuji-x-Pinova.jpg'><img loading=\"lazy\" decoding=\"async\" width=\"225\" height=\"300\" src=\"https:\/\/www.fruitplant.it\/wp-content\/uploads\/2018\/05\/Fuji-x-Pinova-225x300.jpg\" class=\"attachment-medium size-medium\" alt=\"\" srcset=\"https:\/\/www.fruitplant.it\/wp-content\/uploads\/2018\/05\/Fuji-x-Pinova-225x300.jpg 225w, https:\/\/www.fruitplant.it\/wp-content\/uploads\/2018\/05\/Fuji-x-Pinova.jpg 480w\" sizes=\"(max-width: 225px) 100vw, 225px\" \/><\/a>\n\t\t\t<\/div><\/figure>\n\t\t<\/div>\n\t\t<\/div>\n\t\t\t\t\t\t<\/div>\n\t\t\t\t<\/div>\n\t\t\t\t\t<\/div>\n\t\t\t\t<\/div>\n\t\t\t\t<\/div>\n\t\t","protected":false},"excerpt":{"rendered":"<p>Sorten unten Beobachtung Die Feno GmbH, welche sich im Besitz der Fruitplant-Mitglieder befindet, f\u00fchrt ein eigenes Z\u00fcchtungsprogramm dem j\u00e4hrlich etwa 1000 S\u00e4mlinge entspringen. Die vielversprechendsten Kreuzungsnummern werden genauestens auf ihre Anbaueignung und Vermarktungsf\u00e4higkeit gepr\u00fcft um ihr zuk\u00fcnftiges Potenzial absch\u00e4tzen zu k\u00f6nnen. Die n\u00f6tigen Sortentests werden in betriebseigenen Testfeldern aber auch unter kommerziellen Bedingungen bei Partnerbetrieben [&hellip;]<\/p>\n","protected":false},"author":1,"featured_media":0,"parent":0,"menu_order":0,"comment_status":"closed","ping_status":"closed","template":"elementor_header_footer","meta":{"footnotes":""},"class_list":["post-5708","page","type-page","status-publish","hentry"],"_links":{"self":[{"href":"https:\/\/www.fruitplant.it\/de\/wp-json\/wp\/v2\/pages\/5708","targetHints":{"allow":["GET"]}}],"collection":[{"href":"https:\/\/www.fruitplant.it\/de\/wp-json\/wp\/v2\/pages"}],"about":[{"href":"https:\/\/www.fruitplant.it\/de\/wp-json\/wp\/v2\/types\/page"}],"author":[{"embeddable":true,"href":"https:\/\/www.fruitplant.it\/de\/wp-json\/wp\/v2\/users\/1"}],"replies":[{"embeddable":true,"href":"https:\/\/www.fruitplant.it\/de\/wp-json\/wp\/v2\/comments?post=5708"}],"version-history":[{"count":0,"href":"https:\/\/www.fruitplant.it\/de\/wp-json\/wp\/v2\/pages\/5708\/revisions"}],"wp:attachment":[{"href":"https:\/\/www.fruitplant.it\/de\/wp-json\/wp\/v2\/media?parent=5708"}],"curies":[{"name":"wp","href":"https:\/\/api.w.org\/{rel}","templated":true}]}}