{"id":5716,"date":"2026-01-23T08:58:18","date_gmt":"2026-01-23T08:58:18","guid":{"rendered":"https:\/\/fruitplant.it\/verkauf\/"},"modified":"2026-01-28T13:34:07","modified_gmt":"2026-01-28T13:34:07","slug":"verkauf","status":"publish","type":"page","link":"https:\/\/www.fruitplant.it\/de\/verkauf\/","title":{"rendered":"Verkauf"},"content":{"rendered":"\t\t<div data-elementor-type=\"wp-page\" data-elementor-id=\"5716\" class=\"elementor elementor-5716 elementor-5385\" data-elementor-post-type=\"page\">\n\t\t\t\t<div class=\"elementor-element elementor-element-994aa89 e-flex e-con-boxed e-con e-parent\" data-id=\"994aa89\" data-element_type=\"container\" data-e-type=\"container\" data-settings=\"{&quot;background_background&quot;:&quot;classic&quot;,&quot;shape_divider_bottom&quot;:&quot;opacity-fan&quot;}\">\n\t\t\t\t\t<div class=\"e-con-inner\">\n\t\t\t\t<div class=\"elementor-shape elementor-shape-bottom\" aria-hidden=\"true\" data-negative=\"false\">\n\t\t\t<svg xmlns=\"http:\/\/www.w3.org\/2000\/svg\" viewBox=\"0 0 283.5 19.6\" preserveAspectRatio=\"none\">\n\t<path class=\"elementor-shape-fill\" style=\"opacity:0.33\" d=\"M0 0L0 18.8 141.8 4.1 283.5 18.8 283.5 0z\"\/>\n\t<path class=\"elementor-shape-fill\" style=\"opacity:0.33\" d=\"M0 0L0 12.6 141.8 4 283.5 12.6 283.5 0z\"\/>\n\t<path class=\"elementor-shape-fill\" style=\"opacity:0.33\" d=\"M0 0L0 6.4 141.8 4 283.5 6.4 283.5 0z\"\/>\n\t<path class=\"elementor-shape-fill\" d=\"M0 0L0 1.2 141.8 4 283.5 1.2 283.5 0z\"\/>\n<\/svg>\t\t<\/div>\n\t\t\t\t<div class=\"elementor-element elementor-element-6aa5049 elementor-widget elementor-widget-heading\" data-id=\"6aa5049\" data-element_type=\"widget\" data-e-type=\"widget\" data-widget_type=\"heading.default\">\n\t\t\t\t\t<h2 class=\"elementor-heading-title elementor-size-default\">Qualit\u00e4tsb\u00e4ume<\/h2>\t\t\t\t<\/div>\n\t\t\t\t<div class=\"elementor-element elementor-element-86f44b4 elementor-widget elementor-widget-heading\" data-id=\"86f44b4\" data-element_type=\"widget\" data-e-type=\"widget\" data-widget_type=\"heading.default\">\n\t\t\t\t\t<h2 class=\"elementor-heading-title elementor-size-default\">sind die Frucht unseres Erfolges\n<\/h2>\t\t\t\t<\/div>\n\t\t\t\t\t<\/div>\n\t\t\t\t<\/div>\n\t\t<div class=\"elementor-element elementor-element-0725f83 e-flex e-con-boxed e-con e-parent\" data-id=\"0725f83\" data-element_type=\"container\" data-e-type=\"container\">\n\t\t\t\t\t<div class=\"e-con-inner\">\n\t\t<div class=\"elementor-element elementor-element-7e5484e e-con-full e-flex e-con e-child\" data-id=\"7e5484e\" data-element_type=\"container\" data-e-type=\"container\">\n\t\t\t\t<div class=\"elementor-element elementor-element-3f0be8f elementor-widget elementor-widget-text-editor\" data-id=\"3f0be8f\" data-element_type=\"widget\" data-e-type=\"widget\" data-widget_type=\"text-editor.default\">\n\t\t\t\t\t\t\t\t\t<p>F\u00fcr den Verkauf k\u00f6nnen Sie sich an einen unserer Gesellschafter wenden:<\/p>\t\t\t\t\t\t\t\t<\/div>\n\t\t\t\t<\/div>\n\t\t\t\t\t<\/div>\n\t\t\t\t<\/div>\n\t\t<div class=\"elementor-element elementor-element-60d6305 e-flex e-con-boxed e-con e-parent\" data-id=\"60d6305\" data-element_type=\"container\" data-e-type=\"container\" data-settings=\"{&quot;background_background&quot;:&quot;classic&quot;}\">\n\t\t\t\t\t<div class=\"e-con-inner\">\n\t\t<div class=\"elementor-element elementor-element-413f221 e-con-full e-flex e-con e-child\" data-id=\"413f221\" data-element_type=\"container\" data-e-type=\"container\">\n\t\t<div class=\"elementor-element elementor-element-ba64e55 e-con-full e-flex e-con e-child\" data-id=\"ba64e55\" data-element_type=\"container\" data-e-type=\"container\" data-settings=\"{&quot;background_background&quot;:&quot;classic&quot;}\">\n\t\t\t\t<div class=\"elementor-element elementor-element-fcb9437 elementor-widget elementor-widget-image\" data-id=\"fcb9437\" data-element_type=\"widget\" data-e-type=\"widget\" data-widget_type=\"image.default\">\n\t\t\t\t\t\t\t\t\t\t\t\t\t\t\t<img fetchpriority=\"high\" decoding=\"async\" width=\"400\" height=\"378\" src=\"https:\/\/www.fruitplant.it\/wp-content\/uploads\/2018\/05\/Logo-curti-ernst3.png\" class=\"attachment-large size-large wp-image-2627\" alt=\"\" srcset=\"https:\/\/www.fruitplant.it\/wp-content\/uploads\/2018\/05\/Logo-curti-ernst3.png 400w, https:\/\/www.fruitplant.it\/wp-content\/uploads\/2018\/05\/Logo-curti-ernst3-300x284.png 300w\" sizes=\"(max-width: 400px) 100vw, 400px\" \/>\t\t\t\t\t\t\t\t\t\t\t\t\t\t\t<\/div>\n\t\t\t\t<div class=\"elementor-element elementor-element-1870b30 elementor-widget elementor-widget-heading\" data-id=\"1870b30\" data-element_type=\"widget\" data-e-type=\"widget\" data-widget_type=\"heading.default\">\n\t\t\t\t\t<h2 class=\"elementor-heading-title elementor-size-default\">CURTI ERNST<\/h2>\t\t\t\t<\/div>\n\t\t\t\t<div class=\"elementor-element elementor-element-1e748a3 elementor-widget elementor-widget-text-editor\" data-id=\"1e748a3\" data-element_type=\"widget\" data-e-type=\"widget\" data-widget_type=\"text-editor.default\">\n\t\t\t\t\t\t\t\t\t<div class=\"et_pb_blurb_description\"><p>Fabio Filzistr. 11,<br>I-39055 Leifers (BZ)<br>+39 0471 951 005<br>+39 335 707 64 51<\/p><\/div>\t\t\t\t\t\t\t\t<\/div>\n\t\t\t\t<div class=\"elementor-element elementor-element-160c466 elementor-widget elementor-widget-heading\" data-id=\"160c466\" data-element_type=\"widget\" data-e-type=\"widget\" data-widget_type=\"heading.default\">\n\t\t\t\t\t<h2 class=\"elementor-heading-title elementor-size-default\"><a href=\"http:\/\/www.curti-forti.it\/\">http:\/\/www.curti-forti.it\/<\/a><\/h2>\t\t\t\t<\/div>\n\t\t\t\t<div class=\"elementor-element elementor-element-724c14a elementor-widget elementor-widget-heading\" data-id=\"724c14a\" data-element_type=\"widget\" data-e-type=\"widget\" data-widget_type=\"heading.default\">\n\t\t\t\t\t<h2 class=\"elementor-heading-title elementor-size-default\"><a href=\"mailto:curbri@hotmail.com\">curbri@hotmail.com<\/a><\/h2>\t\t\t\t<\/div>\n\t\t\t\t<div class=\"elementor-element elementor-element-1edf6e0 elementor-hidden-desktop elementor-widget elementor-widget-spacer\" data-id=\"1edf6e0\" data-element_type=\"widget\" data-e-type=\"widget\" data-widget_type=\"spacer.default\">\n\t\t\t\t\t\t\t<div class=\"elementor-spacer\">\n\t\t\t<div class=\"elementor-spacer-inner\"><\/div>\n\t\t<\/div>\n\t\t\t\t\t\t<\/div>\n\t\t\t\t<\/div>\n\t\t<div class=\"elementor-element elementor-element-1a39712 e-con-full e-flex e-con e-child\" data-id=\"1a39712\" data-element_type=\"container\" data-e-type=\"container\" data-settings=\"{&quot;background_background&quot;:&quot;classic&quot;}\">\n\t\t\t\t<div class=\"elementor-element elementor-element-0ff1113 elementor-widget elementor-widget-image\" data-id=\"0ff1113\" data-element_type=\"widget\" data-e-type=\"widget\" data-widget_type=\"image.default\">\n\t\t\t\t\t\t\t\t\t\t\t\t\t\t\t<img decoding=\"async\" width=\"400\" height=\"378\" src=\"https:\/\/www.fruitplant.it\/wp-content\/uploads\/2018\/05\/Logo-Forti.png\" class=\"attachment-large size-large wp-image-2619\" alt=\"\" srcset=\"https:\/\/www.fruitplant.it\/wp-content\/uploads\/2018\/05\/Logo-Forti.png 400w, https:\/\/www.fruitplant.it\/wp-content\/uploads\/2018\/05\/Logo-Forti-300x284.png 300w\" sizes=\"(max-width: 400px) 100vw, 400px\" \/>\t\t\t\t\t\t\t\t\t\t\t\t\t\t\t<\/div>\n\t\t\t\t<div class=\"elementor-element elementor-element-1fd67ab elementor-widget elementor-widget-heading\" data-id=\"1fd67ab\" data-element_type=\"widget\" data-e-type=\"widget\" data-widget_type=\"heading.default\">\n\t\t\t\t\t<h2 class=\"elementor-heading-title elementor-size-default\">FORTI NORBERT<\/h2>\t\t\t\t<\/div>\n\t\t\t\t<div class=\"elementor-element elementor-element-6c85956 elementor-widget elementor-widget-text-editor\" data-id=\"6c85956\" data-element_type=\"widget\" data-e-type=\"widget\" data-widget_type=\"text-editor.default\">\n\t\t\t\t\t\t\t\t\t<div class=\"et_pb_blurb_description\"><p>Toalerweg 11,<br>I-39055 Leifers (BZ)<br>+39 0471 955 105<br>+39 335 632 19 50<\/p><\/div>\t\t\t\t\t\t\t\t<\/div>\n\t\t\t\t<div class=\"elementor-element elementor-element-c550123 elementor-widget elementor-widget-heading\" data-id=\"c550123\" data-element_type=\"widget\" data-e-type=\"widget\" data-widget_type=\"heading.default\">\n\t\t\t\t\t<h2 class=\"elementor-heading-title elementor-size-default\"><a href=\"http:\/\/www.curti-forti.it\/\">http:\/\/www.curti-forti.it\/<\/a><\/h2>\t\t\t\t<\/div>\n\t\t\t\t<div class=\"elementor-element elementor-element-ef9b838 elementor-widget elementor-widget-heading\" data-id=\"ef9b838\" data-element_type=\"widget\" data-e-type=\"widget\" data-widget_type=\"heading.default\">\n\t\t\t\t\t<h2 class=\"elementor-heading-title elementor-size-default\"><a href=\"mailto:curbri@hotmail.com\">info@fortivivai.it<\/a><\/h2>\t\t\t\t<\/div>\n\t\t\t\t<div class=\"elementor-element elementor-element-f92aeff elementor-hidden-desktop elementor-widget elementor-widget-spacer\" data-id=\"f92aeff\" data-element_type=\"widget\" data-e-type=\"widget\" data-widget_type=\"spacer.default\">\n\t\t\t\t\t\t\t<div class=\"elementor-spacer\">\n\t\t\t<div class=\"elementor-spacer-inner\"><\/div>\n\t\t<\/div>\n\t\t\t\t\t\t<\/div>\n\t\t\t\t<\/div>\n\t\t<div class=\"elementor-element elementor-element-dbe3983 e-con-full e-flex e-con e-child\" data-id=\"dbe3983\" data-element_type=\"container\" data-e-type=\"container\" data-settings=\"{&quot;background_background&quot;:&quot;classic&quot;}\">\n\t\t\t\t<div class=\"elementor-element elementor-element-a70871e elementor-widget elementor-widget-image\" data-id=\"a70871e\" data-element_type=\"widget\" data-e-type=\"widget\" data-widget_type=\"image.default\">\n\t\t\t\t\t\t\t\t\t\t\t\t\t\t\t<img fetchpriority=\"high\" decoding=\"async\" width=\"400\" height=\"378\" src=\"https:\/\/www.fruitplant.it\/wp-content\/uploads\/2018\/05\/Logo-curti-ernst3.png\" class=\"attachment-large size-large wp-image-2627\" alt=\"\" srcset=\"https:\/\/www.fruitplant.it\/wp-content\/uploads\/2018\/05\/Logo-curti-ernst3.png 400w, https:\/\/www.fruitplant.it\/wp-content\/uploads\/2018\/05\/Logo-curti-ernst3-300x284.png 300w\" sizes=\"(max-width: 400px) 100vw, 400px\" \/>\t\t\t\t\t\t\t\t\t\t\t\t\t\t\t<\/div>\n\t\t\t\t<div class=\"elementor-element elementor-element-2e96037 elementor-widget elementor-widget-heading\" data-id=\"2e96037\" data-element_type=\"widget\" data-e-type=\"widget\" data-widget_type=\"heading.default\">\n\t\t\t\t\t<h2 class=\"elementor-heading-title elementor-size-default\">WERTH KARL &amp; LUKAS<\/h2>\t\t\t\t<\/div>\n\t\t\t\t<div class=\"elementor-element elementor-element-93c626e elementor-widget elementor-widget-text-editor\" data-id=\"93c626e\" data-element_type=\"widget\" data-e-type=\"widget\" data-widget_type=\"text-editor.default\">\n\t\t\t\t\t\t\t\t\t<div class=\"et_pb_blurb_description\"><p>Unterrain 65a,<br>I-39050 St. Pauls\/Eppan (BZ)<br>+39 0471 637 030<br>+39 335 531 63 86 (Karl)<br>+39 333 524 32 53 (Lukas)<\/p><\/div>\t\t\t\t\t\t\t\t<\/div>\n\t\t\t\t<div class=\"elementor-element elementor-element-05af7a3 elementor-widget elementor-widget-heading\" data-id=\"05af7a3\" data-element_type=\"widget\" data-e-type=\"widget\" data-widget_type=\"heading.default\">\n\t\t\t\t\t<h2 class=\"elementor-heading-title elementor-size-default\"><a href=\"http:\/\/www.baumschule-werth.it\/\">http:\/\/www.baumschule-werth.it\/<\/a><\/h2>\t\t\t\t<\/div>\n\t\t\t\t<div class=\"elementor-element elementor-element-d8bd3a0 elementor-widget elementor-widget-heading\" data-id=\"d8bd3a0\" data-element_type=\"widget\" data-e-type=\"widget\" data-widget_type=\"heading.default\">\n\t\t\t\t\t<h2 class=\"elementor-heading-title elementor-size-default\"><a href=\"mailto:info@baumschule-werth.it\">info@baumschule-werth.it<\/a><\/h2>\t\t\t\t<\/div>\n\t\t\t\t<div class=\"elementor-element elementor-element-b009be0 elementor-hidden-desktop elementor-widget elementor-widget-spacer\" data-id=\"b009be0\" data-element_type=\"widget\" data-e-type=\"widget\" data-widget_type=\"spacer.default\">\n\t\t\t\t\t\t\t<div class=\"elementor-spacer\">\n\t\t\t<div class=\"elementor-spacer-inner\"><\/div>\n\t\t<\/div>\n\t\t\t\t\t\t<\/div>\n\t\t\t\t<\/div>\n\t\t\t\t<\/div>\n\t\t<div class=\"elementor-element elementor-element-9842b8d e-con-full e-flex e-con e-child\" data-id=\"9842b8d\" data-element_type=\"container\" data-e-type=\"container\">\n\t\t<div class=\"elementor-element elementor-element-599d12f e-con-full e-flex e-con e-child\" data-id=\"599d12f\" data-element_type=\"container\" data-e-type=\"container\" data-settings=\"{&quot;background_background&quot;:&quot;classic&quot;}\">\n\t\t\t\t<div class=\"elementor-element elementor-element-5c24eb7 elementor-widget elementor-widget-image\" data-id=\"5c24eb7\" data-element_type=\"widget\" data-e-type=\"widget\" data-widget_type=\"image.default\">\n\t\t\t\t\t\t\t\t\t\t\t\t\t\t\t<img decoding=\"async\" width=\"400\" height=\"378\" src=\"https:\/\/www.fruitplant.it\/wp-content\/uploads\/2018\/05\/logo-oberhofer.png\" class=\"attachment-large size-large wp-image-2624\" alt=\"\" srcset=\"https:\/\/www.fruitplant.it\/wp-content\/uploads\/2018\/05\/logo-oberhofer.png 400w, https:\/\/www.fruitplant.it\/wp-content\/uploads\/2018\/05\/logo-oberhofer-300x284.png 300w\" sizes=\"(max-width: 400px) 100vw, 400px\" \/>\t\t\t\t\t\t\t\t\t\t\t\t\t\t\t<\/div>\n\t\t\t\t<div class=\"elementor-element elementor-element-e23d9a7 elementor-widget elementor-widget-heading\" data-id=\"e23d9a7\" data-element_type=\"widget\" data-e-type=\"widget\" data-widget_type=\"heading.default\">\n\t\t\t\t\t<h2 class=\"elementor-heading-title elementor-size-default\">OBERHOFER B.<\/h2>\t\t\t\t<\/div>\n\t\t\t\t<div class=\"elementor-element elementor-element-24e95e6 elementor-widget elementor-widget-text-editor\" data-id=\"24e95e6\" data-element_type=\"widget\" data-e-type=\"widget\" data-widget_type=\"text-editor.default\">\n\t\t\t\t\t\t\t\t\t<div class=\"et_pb_blurb_description\"><p>Christian Schrott Gasse 5,<br>I-39040 Tramin (BZ)<br>+39 0471 860 024<br>+39 333 469 92 27 (Bernd)<br>+39 335 773 65 34 (Hermann)<\/p><\/div>\t\t\t\t\t\t\t\t<\/div>\n\t\t\t\t<div class=\"elementor-element elementor-element-6a467d2 elementor-widget elementor-widget-heading\" data-id=\"6a467d2\" data-element_type=\"widget\" data-e-type=\"widget\" data-widget_type=\"heading.default\">\n\t\t\t\t\t<h2 class=\"elementor-heading-title elementor-size-default\"><a href=\"http:\/\/www.oberhoferb.com\/\">http:\/\/www.oberhoferb.com\/<\/a><\/h2>\t\t\t\t<\/div>\n\t\t\t\t<div class=\"elementor-element elementor-element-919431a elementor-widget elementor-widget-heading\" data-id=\"919431a\" data-element_type=\"widget\" data-e-type=\"widget\" data-widget_type=\"heading.default\">\n\t\t\t\t\t<h2 class=\"elementor-heading-title elementor-size-default\"><a href=\"mailto:info@oberhoferb.com\">info@oberhoferb.com<\/a><\/h2>\t\t\t\t<\/div>\n\t\t\t\t<div class=\"elementor-element elementor-element-acade0f elementor-hidden-desktop elementor-widget elementor-widget-spacer\" data-id=\"acade0f\" data-element_type=\"widget\" data-e-type=\"widget\" data-widget_type=\"spacer.default\">\n\t\t\t\t\t\t\t<div class=\"elementor-spacer\">\n\t\t\t<div class=\"elementor-spacer-inner\"><\/div>\n\t\t<\/div>\n\t\t\t\t\t\t<\/div>\n\t\t\t\t<\/div>\n\t\t<div class=\"elementor-element elementor-element-bb31011 e-con-full e-flex e-con e-child\" data-id=\"bb31011\" data-element_type=\"container\" data-e-type=\"container\" data-settings=\"{&quot;background_background&quot;:&quot;classic&quot;}\">\n\t\t\t\t<div class=\"elementor-element elementor-element-c82ef16 elementor-widget elementor-widget-image\" data-id=\"c82ef16\" data-element_type=\"widget\" data-e-type=\"widget\" data-widget_type=\"image.default\">\n\t\t\t\t\t\t\t\t\t\t\t\t\t\t\t<img loading=\"lazy\" decoding=\"async\" width=\"400\" height=\"378\" src=\"https:\/\/www.fruitplant.it\/wp-content\/uploads\/2018\/05\/logo-rautscher.png\" class=\"attachment-large size-large wp-image-2625\" alt=\"\" srcset=\"https:\/\/www.fruitplant.it\/wp-content\/uploads\/2018\/05\/logo-rautscher.png 400w, https:\/\/www.fruitplant.it\/wp-content\/uploads\/2018\/05\/logo-rautscher-300x284.png 300w\" sizes=\"(max-width: 400px) 100vw, 400px\" \/>\t\t\t\t\t\t\t\t\t\t\t\t\t\t\t<\/div>\n\t\t\t\t<div class=\"elementor-element elementor-element-231bc50 elementor-widget elementor-widget-heading\" data-id=\"231bc50\" data-element_type=\"widget\" data-e-type=\"widget\" data-widget_type=\"heading.default\">\n\t\t\t\t\t<h2 class=\"elementor-heading-title elementor-size-default\">RAUTSCHER PAUL<\/h2>\t\t\t\t<\/div>\n\t\t\t\t<div class=\"elementor-element elementor-element-ccc5568 elementor-widget elementor-widget-text-editor\" data-id=\"ccc5568\" data-element_type=\"widget\" data-e-type=\"widget\" data-widget_type=\"text-editor.default\">\n\t\t\t\t\t\t\t\t\t<div class=\"et_pb_blurb_description\"><p>St. Apollonia Str. 5,<br>I-39057 Missian\/Eppan (BZ)<br>+39 0471 633 373<br>+39 335 781 53 70<\/p><\/div>\t\t\t\t\t\t\t\t<\/div>\n\t\t\t\t<div class=\"elementor-element elementor-element-a25b525 elementor-widget elementor-widget-heading\" data-id=\"a25b525\" data-element_type=\"widget\" data-e-type=\"widget\" data-widget_type=\"heading.default\">\n\t\t\t\t\t<h2 class=\"elementor-heading-title elementor-size-default\"><a href=\"mailto:baumschule.rautscher@rolmail.net\">baumschule.rautscher@rolmail.net<\/a><\/h2>\t\t\t\t<\/div>\n\t\t\t\t<div class=\"elementor-element elementor-element-21084f4 elementor-hidden-desktop elementor-widget elementor-widget-spacer\" data-id=\"21084f4\" data-element_type=\"widget\" data-e-type=\"widget\" data-widget_type=\"spacer.default\">\n\t\t\t\t\t\t\t<div class=\"elementor-spacer\">\n\t\t\t<div class=\"elementor-spacer-inner\"><\/div>\n\t\t<\/div>\n\t\t\t\t\t\t<\/div>\n\t\t\t\t<\/div>\n\t\t\t\t<\/div>\n\t\t\t\t\t<\/div>\n\t\t\t\t<\/div>\n\t\t<div class=\"elementor-element elementor-element-e27a363 e-flex e-con-boxed e-con e-parent\" data-id=\"e27a363\" data-element_type=\"container\" data-e-type=\"container\" data-settings=\"{&quot;background_background&quot;:&quot;classic&quot;}\">\n\t\t\t\t\t<div class=\"e-con-inner\">\n\t\t\t\t<div class=\"elementor-element elementor-element-6978ed5 elementor-widget elementor-widget-heading\" data-id=\"6978ed5\" data-element_type=\"widget\" data-e-type=\"widget\" data-widget_type=\"heading.default\">\n\t\t\t\t\t<h2 class=\"elementor-heading-title elementor-size-default\">F\u00dcR INTERNATIONALE ANFRAGEN<\/h2>\t\t\t\t<\/div>\n\t\t\t\t<div class=\"elementor-element elementor-element-441fe0f elementor-widget elementor-widget-heading\" data-id=\"441fe0f\" data-element_type=\"widget\" data-e-type=\"widget\" data-widget_type=\"heading.default\">\n\t\t\t\t\t<h2 class=\"elementor-heading-title elementor-size-default\"><a href=\"mailto:info@fruitplant.com\">info@fruitplant.com<\/a><\/h2>\t\t\t\t<\/div>\n\t\t\t\t\t<\/div>\n\t\t\t\t<\/div>\n\t\t\t\t<\/div>\n\t\t","protected":false},"excerpt":{"rendered":"<p>Qualit\u00e4tsb\u00e4ume sind die Frucht unseres Erfolges F\u00fcr den Verkauf k\u00f6nnen Sie sich an einen unserer Gesellschafter wenden: CURTI ERNST Fabio Filzistr. 11,I-39055 Leifers (BZ)+39 0471 951 005+39 335 707 64 51 http:\/\/www.curti-forti.it\/ curbri@hotmail.com FORTI NORBERT Toalerweg 11,I-39055 Leifers (BZ)+39 0471 955 105+39 335 632 19 50 http:\/\/www.curti-forti.it\/ info@fortivivai.it WERTH KARL &amp; LUKAS Unterrain 65a,I-39050 St. [&hellip;]<\/p>\n","protected":false},"author":1,"featured_media":0,"parent":0,"menu_order":0,"comment_status":"closed","ping_status":"closed","template":"elementor_header_footer","meta":{"footnotes":""},"class_list":["post-5716","page","type-page","status-publish","hentry"],"_links":{"self":[{"href":"https:\/\/www.fruitplant.it\/de\/wp-json\/wp\/v2\/pages\/5716","targetHints":{"allow":["GET"]}}],"collection":[{"href":"https:\/\/www.fruitplant.it\/de\/wp-json\/wp\/v2\/pages"}],"about":[{"href":"https:\/\/www.fruitplant.it\/de\/wp-json\/wp\/v2\/types\/page"}],"author":[{"embeddable":true,"href":"https:\/\/www.fruitplant.it\/de\/wp-json\/wp\/v2\/users\/1"}],"replies":[{"embeddable":true,"href":"https:\/\/www.fruitplant.it\/de\/wp-json\/wp\/v2\/comments?post=5716"}],"version-history":[{"count":0,"href":"https:\/\/www.fruitplant.it\/de\/wp-json\/wp\/v2\/pages\/5716\/revisions"}],"wp:attachment":[{"href":"https:\/\/www.fruitplant.it\/de\/wp-json\/wp\/v2\/media?parent=5716"}],"curies":[{"name":"wp","href":"https:\/\/api.w.org\/{rel}","templated":true}]}}