{"id":5724,"date":"2026-01-26T08:06:22","date_gmt":"2026-01-26T08:06:22","guid":{"rendered":"https:\/\/fruitplant.it\/gruppe-golden-delicious\/"},"modified":"2026-01-28T14:50:07","modified_gmt":"2026-01-28T14:50:07","slug":"gruppe-golden-delicious","status":"publish","type":"page","link":"https:\/\/www.fruitplant.it\/de\/gruppe-golden-delicious\/","title":{"rendered":"Gruppe Golden Delicious"},"content":{"rendered":"\t\t<div data-elementor-type=\"wp-page\" data-elementor-id=\"5724\" class=\"elementor elementor-5724 elementor-5423\" data-elementor-post-type=\"page\">\n\t\t\t\t<div class=\"elementor-element elementor-element-994aa89 e-flex e-con-boxed e-con e-parent\" data-id=\"994aa89\" data-element_type=\"container\" data-e-type=\"container\" data-settings=\"{&quot;background_background&quot;:&quot;classic&quot;,&quot;shape_divider_bottom&quot;:&quot;opacity-fan&quot;}\">\n\t\t\t\t\t<div class=\"e-con-inner\">\n\t\t\t\t<div class=\"elementor-shape elementor-shape-bottom\" aria-hidden=\"true\" data-negative=\"false\">\n\t\t\t<svg xmlns=\"http:\/\/www.w3.org\/2000\/svg\" viewBox=\"0 0 283.5 19.6\" preserveAspectRatio=\"none\">\n\t<path class=\"elementor-shape-fill\" style=\"opacity:0.33\" d=\"M0 0L0 18.8 141.8 4.1 283.5 18.8 283.5 0z\"\/>\n\t<path class=\"elementor-shape-fill\" style=\"opacity:0.33\" d=\"M0 0L0 12.6 141.8 4 283.5 12.6 283.5 0z\"\/>\n\t<path class=\"elementor-shape-fill\" style=\"opacity:0.33\" d=\"M0 0L0 6.4 141.8 4 283.5 6.4 283.5 0z\"\/>\n\t<path class=\"elementor-shape-fill\" d=\"M0 0L0 1.2 141.8 4 283.5 1.2 283.5 0z\"\/>\n<\/svg>\t\t<\/div>\n\t\t\t\t<div class=\"elementor-element elementor-element-6aa5049 elementor-widget elementor-widget-heading\" data-id=\"6aa5049\" data-element_type=\"widget\" data-e-type=\"widget\" data-widget_type=\"heading.default\">\n\t\t\t\t\t<h2 class=\"elementor-heading-title elementor-size-default\">Gruppe Golden Delicious<\/h2>\t\t\t\t<\/div>\n\t\t\t\t\t<\/div>\n\t\t\t\t<\/div>\n\t\t<div class=\"elementor-element elementor-element-f1e0a9b e-flex e-con-boxed e-con e-parent\" data-id=\"f1e0a9b\" data-element_type=\"container\" data-e-type=\"container\">\n\t\t\t\t\t<div class=\"e-con-inner\">\n\t\t<div class=\"elementor-element elementor-element-50a86d2 e-con-full e-flex e-con e-child\" data-id=\"50a86d2\" data-element_type=\"container\" data-e-type=\"container\">\n\t\t\t\t<div class=\"elementor-element elementor-element-fd59fc7 elementor-widget elementor-widget-image\" data-id=\"fd59fc7\" data-element_type=\"widget\" data-e-type=\"widget\" data-widget_type=\"image.default\">\n\t\t\t\t\t\t\t\t\t\t\t\t\t\t\t<img fetchpriority=\"high\" decoding=\"async\" width=\"600\" height=\"600\" src=\"https:\/\/www.fruitplant.it\/wp-content\/uploads\/2018\/05\/golden-klon3.jpg\" class=\"attachment-large size-large wp-image-2567\" alt=\"\" srcset=\"https:\/\/www.fruitplant.it\/wp-content\/uploads\/2018\/05\/golden-klon3.jpg 600w, https:\/\/www.fruitplant.it\/wp-content\/uploads\/2018\/05\/golden-klon3-300x300.jpg 300w, https:\/\/www.fruitplant.it\/wp-content\/uploads\/2018\/05\/golden-klon3-150x150.jpg 150w\" sizes=\"(max-width: 600px) 100vw, 600px\" \/>\t\t\t\t\t\t\t\t\t\t\t\t\t\t\t<\/div>\n\t\t\t\t<\/div>\n\t\t<div class=\"elementor-element elementor-element-b9a8011 e-con-full e-flex e-con e-child\" data-id=\"b9a8011\" data-element_type=\"container\" data-e-type=\"container\">\n\t\t\t\t<div class=\"elementor-element elementor-element-07d5641 elementor-widget elementor-widget-heading\" data-id=\"07d5641\" data-element_type=\"widget\" data-e-type=\"widget\" data-widget_type=\"heading.default\">\n\t\t\t\t\t<h2 class=\"elementor-heading-title elementor-size-default\">Golden Delicious \u2018Klon B\u2019 LB\u00ae<\/h2>\t\t\t\t<\/div>\n\t\t\t\t<div class=\"elementor-element elementor-element-b7f6ae5 elementor-widget elementor-widget-text-editor\" data-id=\"b7f6ae5\" data-element_type=\"widget\" data-e-type=\"widget\" data-widget_type=\"text-editor.default\">\n\t\t\t\t\t\t\t\t\t<div class=\"et_pb_module et_pb_text et_pb_text_1 et_pb_text_align_left et_pb_bg_layout_light\"><div class=\"et_pb_module et_pb_text et_pb_text_1 et_pb_text_align_left et_pb_bg_layout_light\"><div class=\"et_pb_text_inner\"><p>ABSTAMMUNG<br>Selektion aus Golden Klon B, Versuchszentrum Laimburg, 1978<\/p><\/div><\/div><div class=\"et_pb_module et_pb_text et_pb_text_2 et_pb_text_align_left et_pb_bg_layout_light\"><div class=\"et_pb_text_inner\"><p>FRUCHT<br>Farbe: gr\u00fcngelb, bei Vollreife gelb, rote Backe m\u00f6glich<br>Geschmack: aromatisch, leicht s\u00e4uerlich<br>Form\/Gr\u00f6\u00dfe: mittel- gro\u00df, hochgebaut<br>Schale: leicht berostungsanf\u00e4llig<br>Fruchtfleisch: gelblich, knackig, saftig<\/p><\/div><\/div><\/div>\t\t\t\t\t\t\t\t<\/div>\n\t\t\t\t<div class=\"elementor-element elementor-element-2eb6b9f elementor-widget elementor-widget-button\" data-id=\"2eb6b9f\" data-element_type=\"widget\" data-e-type=\"widget\" data-widget_type=\"button.default\">\n\t\t\t\t\t\t\t\t\t\t<a class=\"elementor-button elementor-button-link elementor-size-sm\" href=\"https:\/\/fruitplant.it\/wp-content\/uploads\/2026\/01\/epoca_di_raccolta_fruitplant.pdf\" target=\"_blank\">\n\t\t\t\t\t\t<span class=\"elementor-button-content-wrapper\">\n\t\t\t\t\t\t\t\t\t<span class=\"elementor-button-text\">REIFZEIT APFELSORTEN<\/span>\n\t\t\t\t\t<\/span>\n\t\t\t\t\t<\/a>\n\t\t\t\t\t\t\t\t<\/div>\n\t\t\t\t<\/div>\n\t\t<div class=\"elementor-element elementor-element-5da69a5 e-con-full e-flex e-con e-child\" data-id=\"5da69a5\" data-element_type=\"container\" data-e-type=\"container\">\n\t\t\t\t<div class=\"elementor-element elementor-element-91bd4b5 elementor-widget elementor-widget-text-editor\" data-id=\"91bd4b5\" data-element_type=\"widget\" data-e-type=\"widget\" data-widget_type=\"text-editor.default\">\n\t\t\t\t\t\t\t\t\t<div class=\"et_pb_module et_pb_text et_pb_text_1 et_pb_text_align_left et_pb_bg_layout_light\"><div class=\"et_pb_text_inner\"><div class=\"et_pb_module et_pb_text et_pb_text_3 et_pb_text_align_left et_pb_bg_layout_light\"><div class=\"et_pb_text_inner\"><div class=\"et_pb_row_inner et_pb_row_inner_1\"><div class=\"et_pb_column et_pb_column_1_3 et_pb_column_inner et_pb_column_inner_2 et-last-child\"><div class=\"et_pb_module et_pb_text et_pb_text_3 et_pb_text_align_left et_pb_bg_layout_light\"><div class=\"et_pb_text_inner\"><p> <\/p><p>BAUM<br>Wuchs: mittelstark<br>Bl\u00fcte: mittelsp\u00e4te Bl\u00fcte, guter Pollenspender<br>Befruchter: Jonathan, Granny Smith, Red Delicious<\/p><\/div><\/div><div class=\"et_pb_module et_pb_text et_pb_text_4 et_pb_text_align_left et_pb_bg_layout_light\"><div class=\"et_pb_text_inner\"><p>MERKMALE<br>Hohe und regelm\u00e4\u00dfige Ertr\u00e4ge, fr\u00fcher Ertragsbeginn, gute Fruchtbarkeit und Fruchtgr\u00f6\u00dfe. Leicht berostungsanf\u00e4llig, jedoch sch\u00f6ne Fruchtform und Fruchtfarbe mit gleichm\u00e4\u00dfigen und typischen Lentizellen. <\/p><\/div><\/div><\/div><\/div><\/div><\/div><\/div><\/div>\t\t\t\t\t\t\t\t<\/div>\n\t\t\t\t<\/div>\n\t\t\t\t\t<\/div>\n\t\t\t\t<\/div>\n\t\t<div class=\"elementor-element elementor-element-551f200 e-flex e-con-boxed e-con e-parent\" data-id=\"551f200\" data-element_type=\"container\" data-e-type=\"container\" data-settings=\"{&quot;background_background&quot;:&quot;classic&quot;}\">\n\t\t\t\t\t<div class=\"e-con-inner\">\n\t\t<div class=\"elementor-element elementor-element-91654f5 e-con-full e-flex e-con e-child\" data-id=\"91654f5\" data-element_type=\"container\" data-e-type=\"container\">\n\t\t\t\t<div class=\"elementor-element elementor-element-2c783f9 elementor-widget elementor-widget-image\" data-id=\"2c783f9\" data-element_type=\"widget\" data-e-type=\"widget\" data-widget_type=\"image.default\">\n\t\t\t\t\t\t\t\t\t\t\t\t\t\t\t<img decoding=\"async\" width=\"800\" height=\"800\" src=\"https:\/\/www.fruitplant.it\/wp-content\/uploads\/2018\/03\/1400-KE-goldrosio.png\" class=\"attachment-large size-large wp-image-1869\" alt=\"\" srcset=\"https:\/\/www.fruitplant.it\/wp-content\/uploads\/2018\/03\/1400-KE-goldrosio.png 800w, https:\/\/www.fruitplant.it\/wp-content\/uploads\/2018\/03\/1400-KE-goldrosio-300x300.png 300w, https:\/\/www.fruitplant.it\/wp-content\/uploads\/2018\/03\/1400-KE-goldrosio-150x150.png 150w, https:\/\/www.fruitplant.it\/wp-content\/uploads\/2018\/03\/1400-KE-goldrosio-768x768.png 768w\" sizes=\"(max-width: 800px) 100vw, 800px\" \/>\t\t\t\t\t\t\t\t\t\t\t\t\t\t\t<\/div>\n\t\t\t\t<\/div>\n\t\t<div class=\"elementor-element elementor-element-c613d3d e-con-full e-flex e-con e-child\" data-id=\"c613d3d\" data-element_type=\"container\" data-e-type=\"container\">\n\t\t\t\t<div class=\"elementor-element elementor-element-614baaf elementor-widget elementor-widget-heading\" data-id=\"614baaf\" data-element_type=\"widget\" data-e-type=\"widget\" data-widget_type=\"heading.default\">\n\t\t\t\t\t<h2 class=\"elementor-heading-title elementor-size-default\">Goldros\u00eco\u00ae \u20181400 KE\u2019(S)<\/h2>\t\t\t\t<\/div>\n\t\t\t\t<div class=\"elementor-element elementor-element-0380af0 elementor-widget elementor-widget-heading\" data-id=\"0380af0\" data-element_type=\"widget\" data-e-type=\"widget\" data-widget_type=\"heading.default\">\n\t\t\t\t\t<h2 class=\"elementor-heading-title elementor-size-default\">Feno\u00ae Srl<\/h2>\t\t\t\t<\/div>\n\t\t\t\t<div class=\"elementor-element elementor-element-c7464a5 elementor-widget elementor-widget-text-editor\" data-id=\"c7464a5\" data-element_type=\"widget\" data-e-type=\"widget\" data-widget_type=\"text-editor.default\">\n\t\t\t\t\t\t\t\t\t<div class=\"et_pb_module et_pb_text et_pb_text_1 et_pb_text_align_left et_pb_bg_layout_light\"><div class=\"et_pb_text_inner\"><div class=\"et_pb_module et_pb_text et_pb_text_6 et_pb_text_align_left et_pb_bg_layout_light\"><div class=\"et_pb_text_inner\"><div class=\"et_pb_module et_pb_text et_pb_text_6 et_pb_text_align_left et_pb_bg_layout_light\"><div class=\"et_pb_text_inner\"><p>ABSTAMMUNG<br>Golden Delicious-Mutation. 1986 in S\u00fcdtirol entdeckt.<\/p><\/div><\/div><div class=\"et_pb_module et_pb_text et_pb_text_7 et_pb_text_align_left et_pb_bg_layout_light\"><div class=\"et_pb_text_inner\">FRUCHT <br>Farbe: gr\u00fcngelb, bei Vollreife gelb mit ausgepr\u00e4gter roter Backe.<br>Geschmack: s\u00fc\u00dfs\u00e4uerlich, etwas aromatisch.<br>Form\/Gr\u00f6\u00dfe: hoch gebaut, mittel bis gro\u00df.<br>Schale: nicht sehr dick, glatt, gut sichtbare Lentizellen.<br>Fruchtfleisch: gelblich, fest, knackig, saftig.<\/div><\/div><\/div><\/div><\/div><\/div>\t\t\t\t\t\t\t\t<\/div>\n\t\t\t\t<div class=\"elementor-element elementor-element-6f81dde elementor-widget elementor-widget-button\" data-id=\"6f81dde\" data-element_type=\"widget\" data-e-type=\"widget\" data-widget_type=\"button.default\">\n\t\t\t\t\t\t\t\t\t\t<a class=\"elementor-button elementor-button-link elementor-size-sm\" href=\"https:\/\/fruitplant.it\/wp-content\/uploads\/2026\/01\/epoca_di_raccolta_fruitplant.pdf\" target=\"_blank\">\n\t\t\t\t\t\t<span class=\"elementor-button-content-wrapper\">\n\t\t\t\t\t\t\t\t\t<span class=\"elementor-button-text\">REIFZEIT APFELSORTEN<\/span>\n\t\t\t\t\t<\/span>\n\t\t\t\t\t<\/a>\n\t\t\t\t\t\t\t\t<\/div>\n\t\t\t\t<\/div>\n\t\t<div class=\"elementor-element elementor-element-d68fdd6 e-con-full e-flex e-con e-child\" data-id=\"d68fdd6\" data-element_type=\"container\" data-e-type=\"container\">\n\t\t\t\t<div class=\"elementor-element elementor-element-624b3f4 elementor-widget elementor-widget-text-editor\" data-id=\"624b3f4\" data-element_type=\"widget\" data-e-type=\"widget\" data-widget_type=\"text-editor.default\">\n\t\t\t\t\t\t\t\t\t<div class=\"et_pb_module et_pb_text et_pb_text_1 et_pb_text_align_left et_pb_bg_layout_light\"><div class=\"et_pb_text_inner\"><div class=\"et_pb_module et_pb_text et_pb_text_3 et_pb_text_align_left et_pb_bg_layout_light\"><div class=\"et_pb_text_inner\"><div class=\"et_pb_module et_pb_text et_pb_text_8 et_pb_text_align_left et_pb_bg_layout_light\"><div class=\"et_pb_text_inner\"><div class=\"et_pb_module et_pb_text et_pb_text_8 et_pb_text_align_left et_pb_bg_layout_light\"><div class=\"et_pb_text_inner\">BAUM <br>Wuchs: schwach bis mittelstark. <br>Bl\u00fcte: mittelsp\u00e4t, guter Pollenspender. <br>Befruchter: Granny Smith, Red Delicious, Evereste, Prof. Sprenger.<\/div><\/div><div class=\"et_pb_module et_pb_text et_pb_text_9 et_pb_text_align_left et_pb_bg_layout_light\"><div class=\"et_pb_text_inner\">MERKMALE<br>Die Fruchtfarbe bei Reife ist gelb mit sehr sch\u00f6ner ausgepr\u00e4gter roter Backe. Die Lentizellen sind sehr gut sichtbar und gleichm\u00e4\u00dfig (sehr sortentypisch). Berostungsanf\u00e4lligkeit ist wie bei Golden Delicious Klon B. Das Fruchtfleisch ist fester als bei Golden Del. Klon B und der S\u00e4ure- und Zuckergehalt sind auch h\u00f6her als bei Golden Del. Klon B.  <\/div><\/div><\/div><\/div><\/div><\/div><\/div><\/div>\t\t\t\t\t\t\t\t<\/div>\n\t\t\t\t<\/div>\n\t\t\t\t\t<\/div>\n\t\t\t\t<\/div>\n\t\t<div class=\"elementor-element elementor-element-3d686cf e-flex e-con-boxed e-con e-parent\" data-id=\"3d686cf\" data-element_type=\"container\" data-e-type=\"container\">\n\t\t\t\t\t<div class=\"e-con-inner\">\n\t\t<div class=\"elementor-element elementor-element-780ec85 e-con-full e-flex e-con e-child\" data-id=\"780ec85\" data-element_type=\"container\" data-e-type=\"container\">\n\t\t\t\t<div class=\"elementor-element elementor-element-b66fd82 elementor-widget elementor-widget-image\" data-id=\"b66fd82\" data-element_type=\"widget\" data-e-type=\"widget\" data-widget_type=\"image.default\">\n\t\t\t\t\t\t\t\t\t\t\t\t\t\t\t<img decoding=\"async\" width=\"600\" height=\"600\" src=\"https:\/\/www.fruitplant.it\/wp-content\/uploads\/2018\/05\/Smoothee3.jpg\" class=\"attachment-large size-large wp-image-2566\" alt=\"\" srcset=\"https:\/\/www.fruitplant.it\/wp-content\/uploads\/2018\/05\/Smoothee3.jpg 600w, https:\/\/www.fruitplant.it\/wp-content\/uploads\/2018\/05\/Smoothee3-300x300.jpg 300w, https:\/\/www.fruitplant.it\/wp-content\/uploads\/2018\/05\/Smoothee3-150x150.jpg 150w\" sizes=\"(max-width: 600px) 100vw, 600px\" \/>\t\t\t\t\t\t\t\t\t\t\t\t\t\t\t<\/div>\n\t\t\t\t<\/div>\n\t\t<div class=\"elementor-element elementor-element-6675a91 e-con-full e-flex e-con e-child\" data-id=\"6675a91\" data-element_type=\"container\" data-e-type=\"container\">\n\t\t\t\t<div class=\"elementor-element elementor-element-eddbdad elementor-widget elementor-widget-heading\" data-id=\"eddbdad\" data-element_type=\"widget\" data-e-type=\"widget\" data-widget_type=\"heading.default\">\n\t\t\t\t\t<h2 class=\"elementor-heading-title elementor-size-default\">Golden Smoothee\u00ae<\/h2>\t\t\t\t<\/div>\n\t\t\t\t<div class=\"elementor-element elementor-element-31c8ef3 elementor-widget elementor-widget-heading\" data-id=\"31c8ef3\" data-element_type=\"widget\" data-e-type=\"widget\" data-widget_type=\"heading.default\">\n\t\t\t\t\t<h2 class=\"elementor-heading-title elementor-size-default\">Castang<\/h2>\t\t\t\t<\/div>\n\t\t\t\t<div class=\"elementor-element elementor-element-87d61d6 elementor-widget elementor-widget-text-editor\" data-id=\"87d61d6\" data-element_type=\"widget\" data-e-type=\"widget\" data-widget_type=\"text-editor.default\">\n\t\t\t\t\t\t\t\t\t<div class=\"et_pb_module et_pb_text et_pb_text_1 et_pb_text_align_left et_pb_bg_layout_light\"><div class=\"et_pb_text_inner\"><div class=\"et_pb_module et_pb_text et_pb_text_11 et_pb_text_align_left et_pb_bg_layout_light\"><div class=\"et_pb_text_inner\"><div class=\"et_pb_module et_pb_text et_pb_text_11 et_pb_text_align_left et_pb_bg_layout_light\"><div class=\"et_pb_text_inner\"><p><strong>ABSTAMMUNG<br>Sprossmutation von Golden Delicious, gefunden in den USA, 1958ORIGINE<\/strong><br>Mutazione della variet\u00e0 Golden Delicious, scoperta negli Stati Uniti, 1958<\/p><\/div><\/div><div class=\"et_pb_module et_pb_text et_pb_text_12 et_pb_text_align_left et_pb_bg_layout_light\"><div class=\"et_pb_text_inner\"><p>FRUCHT<br>Farbe: hellgr\u00fcn, bei Vollreife gelb, rote Backe m\u00f6glich<br>Geschmack: aromatisch, s\u00fc\u00df mit niedrigem S\u00e4uregehalt<br>Form\/Gr\u00f6\u00dfe: mittel- gro\u00df<br>Schale: glatt, geringere Anf\u00e4lligkeit auf Berostung<br>Fruchtfleisch: gelblich, knackig, saftig<\/p><\/div><\/div><\/div><\/div><\/div><\/div>\t\t\t\t\t\t\t\t<\/div>\n\t\t\t\t<div class=\"elementor-element elementor-element-9395d26 elementor-widget elementor-widget-button\" data-id=\"9395d26\" data-element_type=\"widget\" data-e-type=\"widget\" data-widget_type=\"button.default\">\n\t\t\t\t\t\t\t\t\t\t<a class=\"elementor-button elementor-button-link elementor-size-sm\" href=\"https:\/\/fruitplant.it\/wp-content\/uploads\/2026\/01\/epoca_di_raccolta_fruitplant.pdf\" target=\"_blank\">\n\t\t\t\t\t\t<span class=\"elementor-button-content-wrapper\">\n\t\t\t\t\t\t\t\t\t<span class=\"elementor-button-text\">REIFZEIT APFELSORTEN<\/span>\n\t\t\t\t\t<\/span>\n\t\t\t\t\t<\/a>\n\t\t\t\t\t\t\t\t<\/div>\n\t\t\t\t<\/div>\n\t\t<div class=\"elementor-element elementor-element-dd5100e e-con-full e-flex e-con e-child\" data-id=\"dd5100e\" data-element_type=\"container\" data-e-type=\"container\">\n\t\t\t\t<div class=\"elementor-element elementor-element-a254a60 elementor-widget elementor-widget-text-editor\" data-id=\"a254a60\" data-element_type=\"widget\" data-e-type=\"widget\" data-widget_type=\"text-editor.default\">\n\t\t\t\t\t\t\t\t\t<div class=\"et_pb_module et_pb_text et_pb_text_1 et_pb_text_align_left et_pb_bg_layout_light\"><div class=\"et_pb_text_inner\"><div class=\"et_pb_module et_pb_text et_pb_text_3 et_pb_text_align_left et_pb_bg_layout_light\"><div class=\"et_pb_text_inner\"><div class=\"et_pb_module et_pb_text et_pb_text_13 et_pb_text_align_left et_pb_bg_layout_light\"><div class=\"et_pb_text_inner\"><p>BAUM<br>Wuchs: mittelstark, offener Ansatzwinkel der Seiten \u00c4ste<br>Bl\u00fcte: mittelsp\u00e4te Bl\u00fcte, guter Pollenspender<br>Befruchter: Jonathan, Granny Smith, Red Delicious<\/p><\/div><\/div><div class=\"et_pb_module et_pb_text et_pb_text_14 et_pb_text_align_left et_pb_bg_layout_light\"><div class=\"et_pb_text_inner\">MERKMALE<br>Hohe und regelm\u00e4\u00dfige Ertr\u00e4ge, gute Fruchtbarkeit, sch\u00f6ne Fruchtform und Fruchtfarbe. Weniger berostungsanf\u00e4llig als Klon B, daf\u00fcr etwas kleinere Fruchtgr\u00f6\u00dfe und gr\u00fcnere Farbe..  <\/div><\/div><\/div><\/div><\/div><\/div>\t\t\t\t\t\t\t\t<\/div>\n\t\t\t\t<\/div>\n\t\t\t\t\t<\/div>\n\t\t\t\t<\/div>\n\t\t<div class=\"elementor-element elementor-element-08fe73a e-flex e-con-boxed e-con e-parent\" data-id=\"08fe73a\" data-element_type=\"container\" data-e-type=\"container\" data-settings=\"{&quot;background_background&quot;:&quot;classic&quot;}\">\n\t\t\t\t\t<div class=\"e-con-inner\">\n\t\t<div class=\"elementor-element elementor-element-fec343f e-con-full e-flex e-con e-child\" data-id=\"fec343f\" data-element_type=\"container\" data-e-type=\"container\">\n\t\t\t\t<div class=\"elementor-element elementor-element-afb1568 elementor-widget elementor-widget-image\" data-id=\"afb1568\" data-element_type=\"widget\" data-e-type=\"widget\" data-widget_type=\"image.default\">\n\t\t\t\t\t\t\t\t\t\t\t\t\t\t\t<img loading=\"lazy\" decoding=\"async\" width=\"600\" height=\"600\" src=\"https:\/\/www.fruitplant.it\/wp-content\/uploads\/2018\/05\/GoldenReinders3.jpg\" class=\"attachment-large size-large wp-image-2565\" alt=\"\" srcset=\"https:\/\/www.fruitplant.it\/wp-content\/uploads\/2018\/05\/GoldenReinders3.jpg 600w, https:\/\/www.fruitplant.it\/wp-content\/uploads\/2018\/05\/GoldenReinders3-300x300.jpg 300w, https:\/\/www.fruitplant.it\/wp-content\/uploads\/2018\/05\/GoldenReinders3-150x150.jpg 150w\" sizes=\"(max-width: 600px) 100vw, 600px\" \/>\t\t\t\t\t\t\t\t\t\t\t\t\t\t\t<\/div>\n\t\t\t\t<\/div>\n\t\t<div class=\"elementor-element elementor-element-9263e13 e-con-full e-flex e-con e-child\" data-id=\"9263e13\" data-element_type=\"container\" data-e-type=\"container\">\n\t\t\t\t<div class=\"elementor-element elementor-element-9e01784 elementor-widget elementor-widget-heading\" data-id=\"9e01784\" data-element_type=\"widget\" data-e-type=\"widget\" data-widget_type=\"heading.default\">\n\t\t\t\t\t<h2 class=\"elementor-heading-title elementor-size-default\">Golden Reinders\u00ae<\/h2>\t\t\t\t<\/div>\n\t\t\t\t<div class=\"elementor-element elementor-element-c2b9d30 elementor-widget elementor-widget-text-editor\" data-id=\"c2b9d30\" data-element_type=\"widget\" data-e-type=\"widget\" data-widget_type=\"text-editor.default\">\n\t\t\t\t\t\t\t\t\t<div class=\"et_pb_module et_pb_text et_pb_text_1 et_pb_text_align_left et_pb_bg_layout_light\"><div class=\"et_pb_text_inner\"><div class=\"et_pb_module et_pb_text et_pb_text_6 et_pb_text_align_left et_pb_bg_layout_light\"><div class=\"et_pb_text_inner\"><div class=\"et_pb_module et_pb_text et_pb_text_16 et_pb_text_align_left et_pb_bg_layout_light\"><div class=\"et_pb_text_inner\"><div class=\"et_pb_module et_pb_text et_pb_text_16 et_pb_text_align_left et_pb_bg_layout_light\"><div class=\"et_pb_text_inner\"><p>ABSTAMMUNG<br>Mutation von Golden Delicious, gefunden von Reinders (Niederlande)<\/p><\/div><\/div><div class=\"et_pb_module et_pb_text et_pb_text_17 et_pb_text_align_left et_pb_bg_layout_light\"><div class=\"et_pb_text_inner\"><p>FRUCHT<br>Farbe: gr\u00fcne Grundfarbe, bei Vollreife gelb, bleibt auf der Schattenseite gr\u00fcn, hellt sp\u00e4ter auf als andere Golden-Klone<br>Geschmack: aromatisch, s\u00fc\u00df mit sehr niedrigem S\u00e4uregehalt<br>Form\/Gr\u00f6\u00dfe: mittel- gro\u00df<br>Schale: glatt, kaum anf\u00e4llig auf Berostung<br>Fruchtfleisch: gelblich, knackig, saftig<\/p><\/div><\/div><\/div><\/div><\/div><\/div><\/div><\/div>\t\t\t\t\t\t\t\t<\/div>\n\t\t\t\t<div class=\"elementor-element elementor-element-651da05 elementor-widget elementor-widget-button\" data-id=\"651da05\" data-element_type=\"widget\" data-e-type=\"widget\" data-widget_type=\"button.default\">\n\t\t\t\t\t\t\t\t\t\t<a class=\"elementor-button elementor-button-link elementor-size-sm\" href=\"https:\/\/fruitplant.it\/wp-content\/uploads\/2026\/01\/epoca_di_raccolta_fruitplant.pdf\" target=\"_blank\">\n\t\t\t\t\t\t<span class=\"elementor-button-content-wrapper\">\n\t\t\t\t\t\t\t\t\t<span class=\"elementor-button-text\">REIFZEIT APFELSORTEN<\/span>\n\t\t\t\t\t<\/span>\n\t\t\t\t\t<\/a>\n\t\t\t\t\t\t\t\t<\/div>\n\t\t\t\t<\/div>\n\t\t<div class=\"elementor-element elementor-element-2c72983 e-con-full e-flex e-con e-child\" data-id=\"2c72983\" data-element_type=\"container\" data-e-type=\"container\">\n\t\t\t\t<div class=\"elementor-element elementor-element-59d114c elementor-widget elementor-widget-spacer\" data-id=\"59d114c\" data-element_type=\"widget\" data-e-type=\"widget\" data-widget_type=\"spacer.default\">\n\t\t\t\t\t\t\t<div class=\"elementor-spacer\">\n\t\t\t<div class=\"elementor-spacer-inner\"><\/div>\n\t\t<\/div>\n\t\t\t\t\t\t<\/div>\n\t\t\t\t<div class=\"elementor-element elementor-element-b0a3f91 elementor-widget elementor-widget-text-editor\" data-id=\"b0a3f91\" data-element_type=\"widget\" data-e-type=\"widget\" data-widget_type=\"text-editor.default\">\n\t\t\t\t\t\t\t\t\t<div class=\"et_pb_module et_pb_text et_pb_text_1 et_pb_text_align_left et_pb_bg_layout_light\"><div class=\"et_pb_text_inner\"><div class=\"et_pb_module et_pb_text et_pb_text_3 et_pb_text_align_left et_pb_bg_layout_light\"><div class=\"et_pb_text_inner\"><div class=\"et_pb_module et_pb_text et_pb_text_8 et_pb_text_align_left et_pb_bg_layout_light\"><div class=\"et_pb_text_inner\"><div class=\"et_pb_module et_pb_text et_pb_text_18 et_pb_text_align_left et_pb_bg_layout_light\"><div class=\"et_pb_text_inner\"><div class=\"et_pb_module et_pb_text et_pb_text_18 et_pb_text_align_left et_pb_bg_layout_light\"><div class=\"et_pb_text_inner\"><p>BAUM<br>Wuchs: mittelstark, offener Ansatzwinkel der Seiten \u00c4ste<br>Bl\u00fcte: mittelsp\u00e4te Bl\u00fcte, guter Pollenspender<br>Befruchter: Jonathan, Granny Smith, Red Delicious<\/p><\/div><\/div><div class=\"et_pb_module et_pb_text et_pb_text_19 et_pb_text_align_left et_pb_bg_layout_light\"><div class=\"et_pb_text_inner\"><p>MERKMALE<br>Durch geringe Berostungsanf\u00e4lligkeit auch f\u00fcr den Anbau in wenig g\u00fcnstigeren Anbaugebieten geeignet. Sehr glatte Schale und sch\u00f6ne Fruchtform. Im Vergleich zu anderen Golden-Klonen weniger fruchtbar und gr\u00fcner in der Farbe. Kurzes Erntefenster.   <\/p><\/div><\/div><\/div><\/div><\/div><\/div><\/div><\/div><\/div><\/div>\t\t\t\t\t\t\t\t<\/div>\n\t\t\t\t<\/div>\n\t\t\t\t\t<\/div>\n\t\t\t\t<\/div>\n\t\t\t\t<\/div>\n\t\t","protected":false},"excerpt":{"rendered":"<p>Gruppe Golden Delicious Golden Delicious \u2018Klon B\u2019 LB\u00ae ABSTAMMUNGSelektion aus Golden Klon B, Versuchszentrum Laimburg, 1978 FRUCHTFarbe: gr\u00fcngelb, bei Vollreife gelb, rote Backe m\u00f6glichGeschmack: aromatisch, leicht s\u00e4uerlichForm\/Gr\u00f6\u00dfe: mittel- gro\u00df, hochgebautSchale: leicht berostungsanf\u00e4lligFruchtfleisch: gelblich, knackig, saftig REIFZEIT APFELSORTEN BAUMWuchs: mittelstarkBl\u00fcte: mittelsp\u00e4te Bl\u00fcte, guter PollenspenderBefruchter: Jonathan, Granny Smith, Red Delicious MERKMALEHohe und regelm\u00e4\u00dfige Ertr\u00e4ge, fr\u00fcher Ertragsbeginn, gute [&hellip;]<\/p>\n","protected":false},"author":1,"featured_media":0,"parent":0,"menu_order":0,"comment_status":"closed","ping_status":"closed","template":"elementor_header_footer","meta":{"footnotes":""},"class_list":["post-5724","page","type-page","status-publish","hentry"],"_links":{"self":[{"href":"https:\/\/www.fruitplant.it\/de\/wp-json\/wp\/v2\/pages\/5724","targetHints":{"allow":["GET"]}}],"collection":[{"href":"https:\/\/www.fruitplant.it\/de\/wp-json\/wp\/v2\/pages"}],"about":[{"href":"https:\/\/www.fruitplant.it\/de\/wp-json\/wp\/v2\/types\/page"}],"author":[{"embeddable":true,"href":"https:\/\/www.fruitplant.it\/de\/wp-json\/wp\/v2\/users\/1"}],"replies":[{"embeddable":true,"href":"https:\/\/www.fruitplant.it\/de\/wp-json\/wp\/v2\/comments?post=5724"}],"version-history":[{"count":0,"href":"https:\/\/www.fruitplant.it\/de\/wp-json\/wp\/v2\/pages\/5724\/revisions"}],"wp:attachment":[{"href":"https:\/\/www.fruitplant.it\/de\/wp-json\/wp\/v2\/media?parent=5724"}],"curies":[{"name":"wp","href":"https:\/\/api.w.org\/{rel}","templated":true}]}}